{"id":45235,"date":"2022-05-20T20:51:43","date_gmt":"2022-05-20T17:51:43","guid":{"rendered":"https:\/\/tallinnzoo.ee\/auta-elaimia-sinun-panoksesi\/"},"modified":"2024-06-10T19:51:27","modified_gmt":"2024-06-10T16:51:27","slug":"auta-elaimia-sinun-panoksesi","status":"publish","type":"page","link":"https:\/\/tallinnzoo.webquer.ee\/fi\/auta-elaimia-sinun-panoksesi\/","title":{"rendered":"Auta el\u00e4imi\u00e4! Sinun panoksesi"},"content":{"rendered":"\n<h2 class=\"wp-block-heading\">Manulin ja pikkusarvikuonon suojelemiseen<\/h2>\n\n\n\n<p>Valitsemalla kassalla lahjoituksen <strong>takaisin luonnolle<\/strong> voivat Tallinnan el\u00e4intarhan vierailijat voivat lahjoittaa <strong>1 \u20ac<\/strong> uhanalaisen pikkusarvikuonon ja luonnonvaraisen kissael\u00e4imen \u2013 manulin \u2013 lajisuojeluun. Peruslippuun lis\u00e4tt\u00e4v\u00e4 1 \u20ac siirret\u00e4\u00e4n Tallinnan el\u00e4intarhan lajiensuojelurahastoon. El\u00e4intarha tukee rahaston tuotoilla <strong>Save the Rhino<\/strong>, <strong>Pallas Cat\u2019s International Conservation Alliance<\/strong> ja <strong>Snow Leopard Trust<\/strong> -yhdistysten kautta toimia, joilla pyrit\u00e4\u00e4n s\u00e4ilytt\u00e4m\u00e4\u00e4n n\u00e4m\u00e4 lajit luonnossa.<\/p>\n\n\n\n<h2 class=\"wp-block-heading\"><\/h2>\n\n\n\n<h3 class=\"wp-block-heading\">Pikkusarvikuono<\/h3>\n\n\n\n<p>Pikkusarvikuonojen kanta Kaakkois-Aasiassa on ihmisen toiminnan seurauksena pudonnut viime vuosisadalla kriittiselle tasolle. Lajin elinymp\u00e4rist\u00f6iss\u00e4 \u2013 Borneon ja Sumatran sademetsiss\u00e4 \u2013 <strong>on j\u00e4ljell\u00e4 en\u00e4\u00e4 alle 80 sarvikuonoa<\/strong>. Save the Rhino -j\u00e4rjest\u00f6 osallistuu toisistaan eristettyjen pikkusarvikuonojen uudelleen sijoittamiseen erilaisille turva-alueille. Turva-alueiden tavoitteena on luoda geneettisesti elinkelpoinen keinotekoinen populaatio, josta voisi vastaisuudessa palauttaa yksil\u00f6t takaisin luontoon.<\/p>\n\n\n\n<p>Ensimm\u00e4inen turva-alue, <strong>Sumatran Rhino Sanctuary<\/strong>, perustettiin jo vuonna 1996, jotta pikkusarvikuonot saisivat mahdollisuuden lajikumppaneiden tapaamiseen ja lis\u00e4\u00e4ntymiseen. 35 vuoden tuloksena on turva-alueella syntynyt kaksi poikasta ja yksi sarvikuono on el\u00e4nyt jopa 40-vuotiaaksi. Se on pikkusarvikuonojen osalta hyvin korkea ik\u00e4.<\/p>\n\n\n\n<figure class=\"wp-block-gallery has-nested-images columns-default is-cropped wp-block-gallery-1 is-layout-flex wp-block-gallery-is-layout-flex\">\n<figure class=\"wp-block-image size-full\"><a href=\"https:\/\/tallinnzoo.ee\/wp-content\/uploads\/2022\/05\/Sumatran-rhino-close-up-C-International-Rhino-Foundation-2-1-1-1024x683-1.jpg\"><img loading=\"lazy\" decoding=\"async\" width=\"1024\" height=\"683\" data-id=\"3072\" src=\"https:\/\/tallinnzoo.ee\/wp-content\/uploads\/2022\/05\/Sumatran-rhino-close-up-C-International-Rhino-Foundation-2-1-1-1024x683-1.jpg\" alt=\"\" class=\"wp-image-3072\" srcset=\"https:\/\/tallinnzoo.webquer.ee\/wp-content\/uploads\/2022\/05\/Sumatran-rhino-close-up-C-International-Rhino-Foundation-2-1-1-1024x683-1.jpg 1024w, https:\/\/tallinnzoo.webquer.ee\/wp-content\/uploads\/2022\/05\/Sumatran-rhino-close-up-C-International-Rhino-Foundation-2-1-1-1024x683-1-300x200.jpg 300w, https:\/\/tallinnzoo.webquer.ee\/wp-content\/uploads\/2022\/05\/Sumatran-rhino-close-up-C-International-Rhino-Foundation-2-1-1-1024x683-1-768x512.jpg 768w, https:\/\/tallinnzoo.webquer.ee\/wp-content\/uploads\/2022\/05\/Sumatran-rhino-close-up-C-International-Rhino-Foundation-2-1-1-1024x683-1-600x400.jpg 600w\" sizes=\"auto, (max-width: 1024px) 100vw, 1024px\" \/><\/a><\/figure>\n\n\n\n<figure class=\"wp-block-image size-full\"><a href=\"https:\/\/tallinnzoo.ee\/wp-content\/uploads\/2022\/05\/Sumatra-ninasarvik-Ratu-ja-tema-poeg-Andatu_foto-Dedi-Candra-1024x740-1.jpg\"><img loading=\"lazy\" decoding=\"async\" width=\"1024\" height=\"740\" data-id=\"3067\" src=\"https:\/\/tallinnzoo.ee\/wp-content\/uploads\/2022\/05\/Sumatra-ninasarvik-Ratu-ja-tema-poeg-Andatu_foto-Dedi-Candra-1024x740-1.jpg\" alt=\"\" class=\"wp-image-3067\" srcset=\"https:\/\/tallinnzoo.webquer.ee\/wp-content\/uploads\/2022\/05\/Sumatra-ninasarvik-Ratu-ja-tema-poeg-Andatu_foto-Dedi-Candra-1024x740-1.jpg 1024w, https:\/\/tallinnzoo.webquer.ee\/wp-content\/uploads\/2022\/05\/Sumatra-ninasarvik-Ratu-ja-tema-poeg-Andatu_foto-Dedi-Candra-1024x740-1-300x217.jpg 300w, https:\/\/tallinnzoo.webquer.ee\/wp-content\/uploads\/2022\/05\/Sumatra-ninasarvik-Ratu-ja-tema-poeg-Andatu_foto-Dedi-Candra-1024x740-1-768x555.jpg 768w, https:\/\/tallinnzoo.webquer.ee\/wp-content\/uploads\/2022\/05\/Sumatra-ninasarvik-Ratu-ja-tema-poeg-Andatu_foto-Dedi-Candra-1024x740-1-600x434.jpg 600w\" sizes=\"auto, (max-width: 1024px) 100vw, 1024px\" \/><\/a><\/figure>\n<\/figure>\n\n\n\n<figure class=\"wp-block-gallery has-nested-images columns-default is-cropped wp-block-gallery-2 is-layout-flex wp-block-gallery-is-layout-flex\">\n<figure class=\"wp-block-image size-large\"><a href=\"https:\/\/tallinnzoo.ee\/wp-content\/uploads\/2022\/05\/sumatra-ninasarvik-Andatu_foto-Dedi-Candra-1024x680-1.jpg\"><img loading=\"lazy\" decoding=\"async\" width=\"1024\" height=\"680\" data-id=\"3077\" src=\"https:\/\/tallinnzoo.ee\/wp-content\/uploads\/2022\/05\/sumatra-ninasarvik-Andatu_foto-Dedi-Candra-1024x680-1.jpg\" alt=\"\" class=\"wp-image-3077\" srcset=\"https:\/\/tallinnzoo.webquer.ee\/wp-content\/uploads\/2022\/05\/sumatra-ninasarvik-Andatu_foto-Dedi-Candra-1024x680-1.jpg 1024w, https:\/\/tallinnzoo.webquer.ee\/wp-content\/uploads\/2022\/05\/sumatra-ninasarvik-Andatu_foto-Dedi-Candra-1024x680-1-300x199.jpg 300w, https:\/\/tallinnzoo.webquer.ee\/wp-content\/uploads\/2022\/05\/sumatra-ninasarvik-Andatu_foto-Dedi-Candra-1024x680-1-768x510.jpg 768w, https:\/\/tallinnzoo.webquer.ee\/wp-content\/uploads\/2022\/05\/sumatra-ninasarvik-Andatu_foto-Dedi-Candra-1024x680-1-600x398.jpg 600w\" sizes=\"auto, (max-width: 1024px) 100vw, 1024px\" \/><\/a><\/figure>\n<\/figure>\n\n\n\n<p class=\"has-text-align-right has-size-xs-font-size\">valokuvat: Save the Rhino<\/p>\n\n\n\n<h3 class=\"wp-block-heading\">Manuli<\/h3>\n\n\n\n<p>2002. Vuonna 2002 arvioitiin manulien maailmanlaajuisessa populaatiossa olevan j\u00e4ljell\u00e4 en\u00e4\u00e4 50 000 yksil\u00f6\u00e4 ja vuoteen 2016 menness\u00e4 oli populaatio pudonnut 15 315 yksil\u00f6\u00f6n. 2020. Vuoden 2020 suurin yll\u00e4tys oli havainto, ett\u00e4 manuleita saattaa olla luonnossa odotettua enemm\u00e4n\u2013 jopa 58 000 yksil\u00f6\u00e4 ja Kansainv\u00e4linen luonnonsuojeluliitto (IUCN) ei pid\u00e4 lajia en\u00e4\u00e4 uhanalaisena.<\/p>\n\n\n\n<p>Edell\u00e4 mainitun perusteella voisi ajatella, ett\u00e4 kissael\u00e4imell\u00e4 menee luonnossa paremmin eik\u00e4 sen suojeluun ei kannata en\u00e4\u00e4 panostaa. Tilanne on todellisuudessa paljon monimutkaisempi, koska manulit ovat el\u00e4imi\u00e4, joita on hyvin vaikeaa havaita luonnossa ja niiden laskeminen luonnollisilla elinalueilla on haasteellista. Tiedemiehet ovat pikemminkin tutkineet manuleille sopivia elinalueita eri paikoissa ja laskivat, kuinka monta manulia niiss\u00e4 paikoissa voisivat el\u00e4\u00e4. T\u00e4m\u00e4 tarkoittaa, ett\u00e4 lukum\u00e4\u00e4r\u00e4 on pikemminkin arvio. My\u00f6s t\u00e4m\u00e4n pienen kissael\u00e4imen kohdalla ovat edelleen uhkana elinymp\u00e4rist\u00f6jen pirstoutuminen ja tuhoutuminen, saalisel\u00e4inten h\u00e4vi\u00e4minen ja salamets\u00e4stys. Manulien tutkimisen jatkamiseen on jatkettava my\u00f6s lajin suojelua.<\/p>\n\n\n\n<p>Laajalle levinneen, mutta elintavoiltaan aran ja salaper\u00e4isen manulin tutkimiseen tarvitaan runsaasti resursseja ja kansainv\u00e4list\u00e4 yhteisty\u00f6t\u00e4. <strong>Pallas Cat\u2019s International Conservation Alliance<\/strong> -yhdistyksen tavoitteena on manulien lukum\u00e4\u00e4r\u00e4n objektiivinen arviointi, suojelusuunnitelmien laatimiseen tarvittavien ekologisten tutkimusten j\u00e4rjest\u00e4minen sek\u00e4 tiedotus- ja yhteisty\u00f6 paikallisten yhteis\u00f6n kanssa, jotta manulien ja niiden saalisel\u00e4inten s\u00e4ilyminen ja suojelu olisi taattu. Snow Leopard Trust antaa omankin panoksen manulien seurantaan, koska laji el\u00e4\u00e4 osittain samoilla alueilla kuin lumileopardi.<\/p>\n\n\n\n<figure class=\"wp-block-gallery has-nested-images columns-default is-cropped wp-block-gallery-3 is-layout-flex wp-block-gallery-is-layout-flex\">\n<figure class=\"wp-block-image size-large\"><a href=\"https:\/\/tallinnzoo.ee\/wp-content\/uploads\/2022\/05\/Manulipojad_-Snow-Leopard-Trust-ZOOL_2016_SLT128_IMG_0645.jpg\"><img loading=\"lazy\" decoding=\"async\" width=\"1024\" height=\"768\" data-id=\"6410\" src=\"https:\/\/tallinnzoo.ee\/wp-content\/uploads\/2022\/05\/Manulipojad_-Snow-Leopard-Trust-ZOOL_2016_SLT128_IMG_0645-1024x768.jpg\" alt=\"\" class=\"wp-image-6410\" srcset=\"https:\/\/tallinnzoo.webquer.ee\/wp-content\/uploads\/2022\/05\/Manulipojad_-Snow-Leopard-Trust-ZOOL_2016_SLT128_IMG_0645-1024x768.jpg 1024w, https:\/\/tallinnzoo.webquer.ee\/wp-content\/uploads\/2022\/05\/Manulipojad_-Snow-Leopard-Trust-ZOOL_2016_SLT128_IMG_0645-300x225.jpg 300w, https:\/\/tallinnzoo.webquer.ee\/wp-content\/uploads\/2022\/05\/Manulipojad_-Snow-Leopard-Trust-ZOOL_2016_SLT128_IMG_0645-768x576.jpg 768w, https:\/\/tallinnzoo.webquer.ee\/wp-content\/uploads\/2022\/05\/Manulipojad_-Snow-Leopard-Trust-ZOOL_2016_SLT128_IMG_0645-1536x1152.jpg 1536w, https:\/\/tallinnzoo.webquer.ee\/wp-content\/uploads\/2022\/05\/Manulipojad_-Snow-Leopard-Trust-ZOOL_2016_SLT128_IMG_0645-600x450.jpg 600w, https:\/\/tallinnzoo.webquer.ee\/wp-content\/uploads\/2022\/05\/Manulipojad_-Snow-Leopard-Trust-ZOOL_2016_SLT128_IMG_0645.jpg 2048w\" sizes=\"auto, (max-width: 1024px) 100vw, 1024px\" \/><\/a><\/figure>\n\n\n\n<figure class=\"wp-block-image size-large\"><a href=\"https:\/\/tallinnzoo.ee\/wp-content\/uploads\/2022\/05\/Manulipojad_Snow-Leopard-Trust-ZOOL_2016_SLT128_IMG_0652.jpg\"><img loading=\"lazy\" decoding=\"async\" width=\"1024\" height=\"768\" data-id=\"6411\" src=\"https:\/\/tallinnzoo.ee\/wp-content\/uploads\/2022\/05\/Manulipojad_Snow-Leopard-Trust-ZOOL_2016_SLT128_IMG_0652-1024x768.jpg\" alt=\"\" class=\"wp-image-6411\" srcset=\"https:\/\/tallinnzoo.webquer.ee\/wp-content\/uploads\/2022\/05\/Manulipojad_Snow-Leopard-Trust-ZOOL_2016_SLT128_IMG_0652-1024x768.jpg 1024w, https:\/\/tallinnzoo.webquer.ee\/wp-content\/uploads\/2022\/05\/Manulipojad_Snow-Leopard-Trust-ZOOL_2016_SLT128_IMG_0652-300x225.jpg 300w, https:\/\/tallinnzoo.webquer.ee\/wp-content\/uploads\/2022\/05\/Manulipojad_Snow-Leopard-Trust-ZOOL_2016_SLT128_IMG_0652-768x576.jpg 768w, https:\/\/tallinnzoo.webquer.ee\/wp-content\/uploads\/2022\/05\/Manulipojad_Snow-Leopard-Trust-ZOOL_2016_SLT128_IMG_0652-1536x1152.jpg 1536w, https:\/\/tallinnzoo.webquer.ee\/wp-content\/uploads\/2022\/05\/Manulipojad_Snow-Leopard-Trust-ZOOL_2016_SLT128_IMG_0652-600x450.jpg 600w, https:\/\/tallinnzoo.webquer.ee\/wp-content\/uploads\/2022\/05\/Manulipojad_Snow-Leopard-Trust-ZOOL_2016_SLT128_IMG_0652.jpg 2048w\" sizes=\"auto, (max-width: 1024px) 100vw, 1024px\" \/><\/a><\/figure>\n<\/figure>\n\n\n\n<figure class=\"wp-block-image aligncenter size-large\"><a href=\"https:\/\/tallinnzoo.ee\/wp-content\/uploads\/2022\/05\/Manul_Snow-Leopard-Trust-700_3625-1-scaled.jpg\"><img loading=\"lazy\" decoding=\"async\" width=\"1024\" height=\"681\" src=\"https:\/\/tallinnzoo.ee\/wp-content\/uploads\/2022\/05\/Manul_Snow-Leopard-Trust-700_3625-1-1024x681.jpg\" alt=\"\" class=\"wp-image-6421\" srcset=\"https:\/\/tallinnzoo.webquer.ee\/wp-content\/uploads\/2022\/05\/Manul_Snow-Leopard-Trust-700_3625-1-1024x681.jpg 1024w, https:\/\/tallinnzoo.webquer.ee\/wp-content\/uploads\/2022\/05\/Manul_Snow-Leopard-Trust-700_3625-1-300x200.jpg 300w, https:\/\/tallinnzoo.webquer.ee\/wp-content\/uploads\/2022\/05\/Manul_Snow-Leopard-Trust-700_3625-1-768x511.jpg 768w, https:\/\/tallinnzoo.webquer.ee\/wp-content\/uploads\/2022\/05\/Manul_Snow-Leopard-Trust-700_3625-1-1536x1022.jpg 1536w, https:\/\/tallinnzoo.webquer.ee\/wp-content\/uploads\/2022\/05\/Manul_Snow-Leopard-Trust-700_3625-1-2048x1363.jpg 2048w, https:\/\/tallinnzoo.webquer.ee\/wp-content\/uploads\/2022\/05\/Manul_Snow-Leopard-Trust-700_3625-1-600x399.jpg 600w\" sizes=\"auto, (max-width: 1024px) 100vw, 1024px\" \/><\/a><\/figure>\n\n\n\n<p class=\"has-text-align-right has-size-xs-font-size\">valokuvat: Snow Leopard Trust<\/p>\n\n\n<section class=\"info-numbers-section wide-section\">\n  <div class=\"wide-section__inner\">\n    <img loading=\"lazy\" decoding=\"async\" src=\"https:\/\/tallinnzoo.webquer.ee\/wp-content\/themes\/loomaaed\/dist\/images\/monkey_45493cf3.svg\" class=\"info-numbers-section__illustration\" alt=\"Kuva\" width=\"128\" height=\"430\">\n    <div class=\"container\">\n      <div class=\"row\">\n        <div class=\"col-lg-4\">\n          <div class=\"info-numbers-section__content\">\n            <h2 class=\"info-numbers-section__title\">Vierailijoiden lahjoitukset euroissa<\/h2>\n\n                          <p class=\"info-numbers-section__updated\">Vuoden 2023 tiedoilla<\/p>\n                      <\/div>\n        <\/div>\n        <div class=\"col-lg-8\">\n          <div class=\"row\">\n                          <div class=\"col-12 col-md-4 col-lg\">\n                <div class=\"info-number\">\n                  <h3 class=\"info-number__label h4\">Pikkusarvikuonolle<\/h3>\n                  <p class=\"info-number__value h1\">35,76k <sup><\/sup><\/p>\n\n                                  <\/div>\n              <\/div>\n            \n                          <div class=\"col-12 col-md-4 col-lg\">\n                <div class=\"info-number\">\n                  <h3 class=\"info-number__label h4\">Manulille<\/h3>\n                  <p class=\"info-number__value h1\">38,534k <sup><\/sup><\/p>\n\n                                      <a href=\"https:\/\/tallinnzoo.ee\/fi\/auta-elaimia-sinun-panoksesi\/lajisuojelun-euroavustukset\/\" class=\"btn btn-link btn-link--secondary btn-icon\" target=\"_self\">Lue lis\u00e4\u00e4<\/a>\n                                  <\/div>\n              <\/div>\n                        \n              <div class=\"col-12 col-md-4 col-lg\">\n                <div class=\"info-number\">\n                  <h3 class=\"info-number__label h4\">Australialaisille el\u00e4imille<\/h3>\n                  <p class=\"info-number__value h1\">78k <sup><\/sup><\/p>\n\n                                  <\/div>\n              <\/div>\n                      <\/div>\n        <\/div>\n      <\/div>\n    <\/div>\n  <\/div>\n<\/section>\n\n\n\n<div style=\"height:10px\" aria-hidden=\"true\" class=\"wp-block-spacer\"><\/div>\n","protected":false},"excerpt":{"rendered":"<p>Manulin ja pikkusarvikuonon suojelemiseen Valitsemalla kassalla lahjoituksen takaisin luonnolle voivat Tallinnan el\u00e4intarhan vierailijat voivat lahjoittaa 1 \u20ac uhanalaisen pikkusarvikuonon ja &#8230;<\/p>\n","protected":false},"author":3,"featured_media":3058,"parent":0,"menu_order":0,"comment_status":"closed","ping_status":"closed","template":"","meta":{"_acf_changed":false,"om_disable_all_campaigns":false,"inline_featured_image":false,"_uf_show_specific_survey":0,"_uf_disable_surveys":false,"footnotes":""},"class_list":["post-45235","page","type-page","status-publish","has-post-thumbnail","hentry"],"acf":[],"_links":{"self":[{"href":"https:\/\/tallinnzoo.webquer.ee\/fi\/wp-json\/wp\/v2\/pages\/45235","targetHints":{"allow":["GET"]}}],"collection":[{"href":"https:\/\/tallinnzoo.webquer.ee\/fi\/wp-json\/wp\/v2\/pages"}],"about":[{"href":"https:\/\/tallinnzoo.webquer.ee\/fi\/wp-json\/wp\/v2\/types\/page"}],"author":[{"embeddable":true,"href":"https:\/\/tallinnzoo.webquer.ee\/fi\/wp-json\/wp\/v2\/users\/3"}],"replies":[{"embeddable":true,"href":"https:\/\/tallinnzoo.webquer.ee\/fi\/wp-json\/wp\/v2\/comments?post=45235"}],"version-history":[{"count":0,"href":"https:\/\/tallinnzoo.webquer.ee\/fi\/wp-json\/wp\/v2\/pages\/45235\/revisions"}],"wp:featuredmedia":[{"embeddable":true,"href":"https:\/\/tallinnzoo.webquer.ee\/fi\/wp-json\/wp\/v2\/media\/3058"}],"wp:attachment":[{"href":"https:\/\/tallinnzoo.webquer.ee\/fi\/wp-json\/wp\/v2\/media?parent=45235"}],"curies":[{"name":"wp","href":"https:\/\/api.w.org\/{rel}","templated":true}]}}