{"id":45229,"date":"2022-05-18T17:08:28","date_gmt":"2022-05-18T14:08:28","guid":{"rendered":"https:\/\/tallinnzoo.ee\/piknik-paikat\/"},"modified":"2024-05-06T15:50:25","modified_gmt":"2024-05-06T12:50:25","slug":"piknik-paikat","status":"publish","type":"page","link":"https:\/\/tallinnzoo.webquer.ee\/fi\/piknik-paikat\/","title":{"rendered":"Piknik-paikat"},"content":{"rendered":"\n<h2 class=\"wp-block-heading\">Minne t\u00e4n\u00e4\u00e4n menn\u00e4\u00e4n piknikille? <\/h2>\n\n<p>El\u00e4intarhan alueella on erikokoisia piknikpaikkoja, joita voi k\u00e4ytt\u00e4\u00e4 ja vuokrata erilaisiin tapahtumiin. Kartta<\/p>\n\n<p>Piknikpaikkojen sijainti l\u00f6ytyy el\u00e4intarhan <a href=\"https:\/\/tallinnzoo.ee\/wp-content\/uploads\/2023\/09\/Zoo_plaan_kodukale_est.pdf\" data-type=\"link\" data-id=\"https:\/\/tallinnzoo.ee\/wp-content\/uploads\/2023\/09\/Zoo_plaan_kodukale_est.pdf\">kartalta<\/a>. Kaikissa kohteissa on puisia piknikp\u00f6yti\u00e4, katokset ja teltat eiv\u00e4t kuulu varusteisiin. <\/p>\n\n<p>Yksityishenkil\u00f6t voivat j\u00e4rjest\u00e4\u00e4 piknikin maksutta vierailijoille avoimilla viheralueilla (paitsi maksullisilla piknikpaikoilla) omalla piknik-korinsa ja p\u00f6yt\u00e4liinalla muita vierailijoita ja el\u00e4inten k\u00e4sittely\u00e4 h\u00e4iritsem\u00e4tt\u00e4.<\/p>\n\n<h3 class=\"wp-block-heading\">Rebasem\u00e4en piknikpaikka<\/h3>\n\n<p><strong>Rebasem\u00e4en piknikpaikka<\/strong> sijaitsee l\u00e4nsi-portilla, lintulampien ja lasten el\u00e4intarhan l\u00e4hell\u00e4. Yksityinen piknik-alue pienell\u00e4 mets\u00e4alueella soveltuu niin isommille kuin pienemmillekin ryhmille (n. 30-150 henkil\u00f6\u00e4). Piknik-alueella 6 piknikp\u00f6yt\u00e4sarjaa ja s\u00e4hk\u00f6n k\u00e4ytt\u00f6mahdollisuus.<\/p>\n\n<h3 class=\"wp-block-heading\">Tuulikuplats \u2013 Tuulimyllyn aukio<\/h3>\n\n<p><strong>Tuulikuplats <\/strong> sijaitsee P\u00f5hja-portilla ja suuri nurmikkoalue soveltuu hyvin teltan pystytt\u00e4miseen ja isompien tapahtumien j\u00e4rjest\u00e4miseen (n. 100\u20131000 henkil\u00f6\u00e4). Piknik-alueella s\u00e4hk\u00f6n k\u00e4ytt\u00f6mahdollisuus.<\/p>\n\n<h3 class=\"wp-block-heading\">Piisoniplats &#8211; Visenttiaukio<\/h3>\n\n<p><strong>Piisoniplats<\/strong> sijaitsee julkisen lastenpelin vieress\u00e4 ja sopii hyvin pienemmille perheryhmille. Alueen mets\u00e4n reunassa on k\u00e4yt\u00f6ss\u00e4 piknikp\u00f6yti\u00e4.<\/p>\n\n<figure class=\"wp-block-image size-large is-resized\"><img loading=\"lazy\" decoding=\"async\" width=\"1024\" height=\"683\" src=\"https:\/\/tallinnzoo.ee\/wp-content\/uploads\/2022\/06\/SZ_220410_NIKON-D850_035-1024x683.jpg\" alt=\"\" class=\"wp-image-12788\" style=\"width:835px;height:557px\" srcset=\"https:\/\/tallinnzoo.webquer.ee\/wp-content\/uploads\/2022\/06\/SZ_220410_NIKON-D850_035-1024x683.jpg 1024w, https:\/\/tallinnzoo.webquer.ee\/wp-content\/uploads\/2022\/06\/SZ_220410_NIKON-D850_035-300x200.jpg 300w, https:\/\/tallinnzoo.webquer.ee\/wp-content\/uploads\/2022\/06\/SZ_220410_NIKON-D850_035-768x512.jpg 768w, https:\/\/tallinnzoo.webquer.ee\/wp-content\/uploads\/2022\/06\/SZ_220410_NIKON-D850_035-1536x1024.jpg 1536w, https:\/\/tallinnzoo.webquer.ee\/wp-content\/uploads\/2022\/06\/SZ_220410_NIKON-D850_035-600x400.jpg 600w, https:\/\/tallinnzoo.webquer.ee\/wp-content\/uploads\/2022\/06\/SZ_220410_NIKON-D850_035.jpg 1600w\" sizes=\"auto, (max-width: 1024px) 100vw, 1024px\" \/><\/figure>\n\n<h3 class=\"wp-block-heading\">Hinnat<\/h3>\n\n<figure class=\"wp-block-table is-style-regular\"><table><thead><tr><th>Piknik-tarjoilun ja piknikpaikkojen varaaminen<\/th><th>Hinta (1h)<\/th><\/tr><\/thead><tbody><tr><td>Piknik-alueen k\u00e4ytt\u00f6 el\u00e4intarhan aukioloaikoina + hintaan lis\u00e4t\u00e4\u00e4n lipun hinta<\/td><td>61 \u20ac<\/td><\/tr><tr><td>Piknikpaikan k\u00e4ytt\u00e4minen el\u00e4intarhan sulkemisen j\u00e4lkeen; hintakerroin 0,5-1,0 + hintaan lis\u00e4t\u00e4\u00e4n lipun hinta<\/td><td>122 \u20ac<\/td><\/tr><tr><td>Piknik-paikan valmistelu<\/td><td>13 \u20ac<strong><\/strong><\/td><\/tr><\/tbody><\/table><\/figure>\n\n<h3 class=\"wp-block-heading\">Varaaminen<\/h3>\n\n<ul class=\"wp-block-list\">\n<li>Ennen piknikin tilaamista lue <a href=\"https:\/\/tallinnzoo.ee\/fi\/vierailusaannot\/\">vierailus\u00e4\u00e4nn\u00f6t<\/a>.<\/li>\n\n\n\n<li>Piknikpaikan varaamiseen ota yhteytt\u00e4 (englanniksi): <a href=\"mailto:broneering@tallinnzoo.ee\">broneering@tallinnzoo.ee<\/a><\/li>\n\n\n\n<li>Pyyd\u00e4mme tilaamaan piknik-alueen v\u00e4hint\u00e4\u00e4n viisi p\u00e4iv\u00e4\u00e4 etuk\u00e4teen.<\/li>\n\n\n\n<li>Piknikin lis\u00e4ksi voi halutessaan tilata el\u00e4intarhan <a href=\"https:\/\/tallinnzoo.ee\/fi\/opaskierrokset\/\">kierroksen<\/a>.<\/li>\n<\/ul>\n\n<h3 class=\"wp-block-heading\">Laskutus<\/h3>\n\n<ul class=\"wp-block-list\">\n<li>Pyyd\u00e4mme maksamaan piknik-alueen k\u00e4yt\u00f6st\u00e4 k\u00e4teisell\u00e4 tai pankkikortilla el\u00e4intarhan kassalla. Kassanhoitaja antaa kuitin. Kuitti on s\u00e4ilytett\u00e4v\u00e4 piknikin loppuun asti ja esitett\u00e4v\u00e4 pyynn\u00f6st\u00e4.<\/li>\n\n\n\n<li>Yritykset voivat toimittaa maksusitoumuksen el\u00e4intarhalle v\u00e4hint\u00e4\u00e4n 5 p\u00e4iv\u00e4\u00e4 etuk\u00e4teen.<\/li>\n\n\n\n<li>Ilmoita maksusitoumuksessa tilatun piknikpaikan nimi, piknikin p\u00e4iv\u00e4m\u00e4\u00e4r\u00e4, alkamis- ja p\u00e4\u00e4ttymisaika, osallistuvien aikuisten, koululaisten, opiskelijoiden, el\u00e4kel\u00e4isten, alokkaiden, lasten (3. ik\u00e4vuodesta alkaen) lukum\u00e4\u00e4r\u00e4. Jos on tilattu kierros\/kierrokset, ilmoita maksusitoumukseen kierroksen alkamis- ja p\u00e4\u00e4ttymisaika sek\u00e4 oppaiden lukum\u00e4\u00e4r\u00e4. Tallinnan kaupunki l\u00e4hett\u00e4\u00e4 maksusitoumuksen perusteella el\u00e4intarhan kirjanpidon kautta laskun.<\/li>\n<\/ul>\n","protected":false},"excerpt":{"rendered":"<p>Minne t\u00e4n\u00e4\u00e4n menn\u00e4\u00e4n piknikille? El\u00e4intarhan alueella on erikokoisia piknikpaikkoja, joita voi k\u00e4ytt\u00e4\u00e4 ja vuokrata erilaisiin tapahtumiin. Kartta Piknikpaikkojen sijainti l\u00f6ytyy &#8230;<\/p>\n","protected":false},"author":3,"featured_media":3137,"parent":0,"menu_order":0,"comment_status":"closed","ping_status":"closed","template":"","meta":{"_acf_changed":false,"om_disable_all_campaigns":false,"inline_featured_image":false,"_uf_show_specific_survey":0,"_uf_disable_surveys":false,"footnotes":""},"class_list":["post-45229","page","type-page","status-publish","has-post-thumbnail","hentry"],"acf":[],"_links":{"self":[{"href":"https:\/\/tallinnzoo.webquer.ee\/fi\/wp-json\/wp\/v2\/pages\/45229","targetHints":{"allow":["GET"]}}],"collection":[{"href":"https:\/\/tallinnzoo.webquer.ee\/fi\/wp-json\/wp\/v2\/pages"}],"about":[{"href":"https:\/\/tallinnzoo.webquer.ee\/fi\/wp-json\/wp\/v2\/types\/page"}],"author":[{"embeddable":true,"href":"https:\/\/tallinnzoo.webquer.ee\/fi\/wp-json\/wp\/v2\/users\/3"}],"replies":[{"embeddable":true,"href":"https:\/\/tallinnzoo.webquer.ee\/fi\/wp-json\/wp\/v2\/comments?post=45229"}],"version-history":[{"count":0,"href":"https:\/\/tallinnzoo.webquer.ee\/fi\/wp-json\/wp\/v2\/pages\/45229\/revisions"}],"wp:featuredmedia":[{"embeddable":true,"href":"https:\/\/tallinnzoo.webquer.ee\/fi\/wp-json\/wp\/v2\/media\/3137"}],"wp:attachment":[{"href":"https:\/\/tallinnzoo.webquer.ee\/fi\/wp-json\/wp\/v2\/media?parent=45229"}],"curies":[{"name":"wp","href":"https:\/\/api.w.org\/{rel}","templated":true}]}}