{"id":45127,"date":"2022-05-21T03:10:50","date_gmt":"2022-05-21T00:10:50","guid":{"rendered":"https:\/\/tallinnzoo.ee\/asiakastilaisuudet-ja-yritysjuhlat\/"},"modified":"2024-05-03T15:54:00","modified_gmt":"2024-05-03T12:54:00","slug":"asiakastilaisuudet-ja-yritysjuhlat","status":"publish","type":"page","link":"https:\/\/tallinnzoo.webquer.ee\/fi\/asiakastilaisuudet-ja-yritysjuhlat\/","title":{"rendered":"Asiakastilaisuudet ja yritysjuhlat"},"content":{"rendered":"\n<h2 class=\"wp-block-heading\">Ihmisill\u00e4 on el\u00e4imilt\u00e4 paljon opittavaa, vaikka tiimity\u00f6st\u00e4 tai peloista vapautumisesta tai uuteen ymp\u00e4rist\u00f6\u00f6n tai s\u00e4\u00e4olosuhteisiin sopeutumisesta&#8230;<\/h2>\n\n\n\n<p>Siksi ehdotamme yritystapahtumien j\u00e4rjest\u00e4mist\u00e4 Tallinnan el\u00e4intarhassa. Lis\u00e4arvo on taattu. Erityisesti silloin, kun mukana on paikallinen opas, joka esittelee el\u00e4intarhaan t\u00e4ysin uudella ja erityisell\u00e4 tavalla ja kertoo el\u00e4imist\u00e4 ja el\u00e4intarhasta tarinoita, joita ei kuule mist\u00e4\u00e4n muualta. Pikkuasiat tekev\u00e4t el\u00e4m\u00e4st\u00e4 kiinnostavan, eik\u00f6 niin?<\/p>\n\n\n\n<p>Talvi- ja kes\u00e4p\u00e4ivien, asiakastapahtumien, perhep\u00e4ivien, motivaatiotapahtumien ja muiden tapahtumien j\u00e4rjest\u00e4miseen on mahdollista k\u00e4ytt\u00e4\u00e4 ymp\u00e4rist\u00f6kasvatuskeskuksen tiloja ja el\u00e4intarhan alueella sijaitsevia piknikpaikkoja. Meid\u00e4n tiimi auttaa el\u00e4v\u00f6itt\u00e4m\u00e4\u00e4n tapahtumaa temaattisilla toiminnoilla. <\/p>\n\n\n\n<h5 class=\"wp-block-heading\"><strong>Tilaus ja lis\u00e4tiedot<\/strong> englanniksi: <a href=\"mailto:broneering@tallinnzoo.ee\">broneering@tallinnzoo.ee <\/a><\/h5>\n\n\n<section class=\"pages-list-section wide-section\">\n  <div class=\"wide-section__inner\">\n    <img loading=\"lazy\" decoding=\"async\" src=\"https:\/\/tallinnzoo.webquer.ee\/wp-content\/themes\/loomaaed\/dist\/images\/plants-2_eee20718.svg\" class=\"pages-list-section__illustration\" alt=\"Kuva\" width=\"94\" height=\"426\">\n    <div class=\"container\">\n      <div class=\"pages-list-section__header\">\n        <h2 class=\"mr-2 mb-0\">Katso lis\u00e4\u00e4<\/h2>\n\n              <\/div>\n              <div class=\"pages-list-slider\">\n                      \n            <div class=\"pages-list-slider__slide\">\n              <a href=\"https:\/\/tallinnzoo.webquer.ee\/fi\/opaskierrokset\/\" class=\"page-card page-card--1\">\n                                  <img loading=\"lazy\" decoding=\"async\" width=\"1024\" height=\"682\" src=\"https:\/\/tallinnzoo.webquer.ee\/wp-content\/uploads\/2022\/04\/misc_-firmauritus_Rauno-Saidla-1024x682.jpg\" class=\"img-fluid page-card__img wp-post-image\" alt=\"\" srcset=\"https:\/\/tallinnzoo.webquer.ee\/wp-content\/uploads\/2022\/04\/misc_-firmauritus_Rauno-Saidla-1024x682.jpg 1024w, https:\/\/tallinnzoo.webquer.ee\/wp-content\/uploads\/2022\/04\/misc_-firmauritus_Rauno-Saidla-600x400.jpg 600w, https:\/\/tallinnzoo.webquer.ee\/wp-content\/uploads\/2022\/04\/misc_-firmauritus_Rauno-Saidla-300x200.jpg 300w, https:\/\/tallinnzoo.webquer.ee\/wp-content\/uploads\/2022\/04\/misc_-firmauritus_Rauno-Saidla-768x511.jpg 768w, https:\/\/tallinnzoo.webquer.ee\/wp-content\/uploads\/2022\/04\/misc_-firmauritus_Rauno-Saidla.jpg 1440w\" sizes=\"auto, (max-width: 1024px) 100vw, 1024px\" \/>\n                                \n                <h3 class=\"page-card__title\">Kierrokset<\/h3>\n              <\/a>\n            <\/div>\n                      \n            <div class=\"pages-list-slider__slide\">\n              <a href=\"https:\/\/tallinnzoo.webquer.ee\/piknikuplatsid\/\" class=\"page-card page-card--2\">\n                                  <img loading=\"lazy\" decoding=\"async\" width=\"1024\" height=\"361\" src=\"https:\/\/tallinnzoo.webquer.ee\/wp-content\/uploads\/2022\/05\/tuulikuplats-scaled-e1653089470435-1024x361.jpg\" class=\"img-fluid page-card__img wp-post-image\" alt=\"\" srcset=\"https:\/\/tallinnzoo.webquer.ee\/wp-content\/uploads\/2022\/05\/tuulikuplats-scaled-e1653089470435-1024x361.jpg 1024w, https:\/\/tallinnzoo.webquer.ee\/wp-content\/uploads\/2022\/05\/tuulikuplats-scaled-e1653089470435-300x106.jpg 300w, https:\/\/tallinnzoo.webquer.ee\/wp-content\/uploads\/2022\/05\/tuulikuplats-scaled-e1653089470435-768x271.jpg 768w, https:\/\/tallinnzoo.webquer.ee\/wp-content\/uploads\/2022\/05\/tuulikuplats-scaled-e1653089470435-1536x541.jpg 1536w, https:\/\/tallinnzoo.webquer.ee\/wp-content\/uploads\/2022\/05\/tuulikuplats-scaled-e1653089470435-2048x722.jpg 2048w, https:\/\/tallinnzoo.webquer.ee\/wp-content\/uploads\/2022\/05\/tuulikuplats-scaled-e1653089470435-600x211.jpg 600w\" sizes=\"auto, (max-width: 1024px) 100vw, 1024px\" \/>\n                                \n                <h3 class=\"page-card__title\">Piknikuplatsid<\/h3>\n              <\/a>\n            <\/div>\n                      \n            <div class=\"pages-list-slider__slide\">\n              <a href=\"https:\/\/tallinnzoo.webquer.ee\/ruumide-rent\/\" class=\"page-card page-card--3\">\n                                  <img loading=\"lazy\" decoding=\"async\" width=\"1000\" height=\"666\" src=\"https:\/\/tallinnzoo.webquer.ee\/wp-content\/uploads\/2022\/05\/klassiruum.jpg\" class=\"img-fluid page-card__img wp-post-image\" alt=\"\" srcset=\"https:\/\/tallinnzoo.webquer.ee\/wp-content\/uploads\/2022\/05\/klassiruum.jpg 1000w, https:\/\/tallinnzoo.webquer.ee\/wp-content\/uploads\/2022\/05\/klassiruum-300x200.jpg 300w, https:\/\/tallinnzoo.webquer.ee\/wp-content\/uploads\/2022\/05\/klassiruum-768x511.jpg 768w, https:\/\/tallinnzoo.webquer.ee\/wp-content\/uploads\/2022\/05\/klassiruum-600x400.jpg 600w\" sizes=\"auto, (max-width: 1000px) 100vw, 1000px\" \/>\n                                \n                <h3 class=\"page-card__title\">Ruumide rent<\/h3>\n              <\/a>\n            <\/div>\n                  <\/div>\n          <\/div>\n  <\/div>\n<\/section>\n","protected":false},"excerpt":{"rendered":"<p>Ihmisill\u00e4 on el\u00e4imilt\u00e4 paljon opittavaa, vaikka tiimity\u00f6st\u00e4 tai peloista vapautumisesta tai uuteen ymp\u00e4rist\u00f6\u00f6n tai s\u00e4\u00e4olosuhteisiin sopeutumisesta&#8230; Siksi ehdotamme yritystapahtumien j\u00e4rjest\u00e4mist\u00e4 &#8230;<\/p>\n","protected":false},"author":3,"featured_media":21451,"parent":0,"menu_order":0,"comment_status":"closed","ping_status":"closed","template":"","meta":{"_acf_changed":false,"om_disable_all_campaigns":false,"inline_featured_image":false,"_uf_show_specific_survey":0,"_uf_disable_surveys":false,"footnotes":""},"class_list":["post-45127","page","type-page","status-publish","has-post-thumbnail","hentry"],"acf":[],"_links":{"self":[{"href":"https:\/\/tallinnzoo.webquer.ee\/fi\/wp-json\/wp\/v2\/pages\/45127","targetHints":{"allow":["GET"]}}],"collection":[{"href":"https:\/\/tallinnzoo.webquer.ee\/fi\/wp-json\/wp\/v2\/pages"}],"about":[{"href":"https:\/\/tallinnzoo.webquer.ee\/fi\/wp-json\/wp\/v2\/types\/page"}],"author":[{"embeddable":true,"href":"https:\/\/tallinnzoo.webquer.ee\/fi\/wp-json\/wp\/v2\/users\/3"}],"replies":[{"embeddable":true,"href":"https:\/\/tallinnzoo.webquer.ee\/fi\/wp-json\/wp\/v2\/comments?post=45127"}],"version-history":[{"count":0,"href":"https:\/\/tallinnzoo.webquer.ee\/fi\/wp-json\/wp\/v2\/pages\/45127\/revisions"}],"wp:featuredmedia":[{"embeddable":true,"href":"https:\/\/tallinnzoo.webquer.ee\/fi\/wp-json\/wp\/v2\/media\/21451"}],"wp:attachment":[{"href":"https:\/\/tallinnzoo.webquer.ee\/fi\/wp-json\/wp\/v2\/media?parent=45127"}],"curies":[{"name":"wp","href":"https:\/\/api.w.org\/{rel}","templated":true}]}}