{"id":45114,"date":"2022-05-18T19:58:19","date_gmt":"2022-05-18T16:58:19","guid":{"rendered":"https:\/\/tallinnzoo.ee\/missio-ja-historia\/"},"modified":"2024-05-03T15:33:31","modified_gmt":"2024-05-03T12:33:31","slug":"missio-ja-historia","status":"publish","type":"page","link":"https:\/\/tallinnzoo.webquer.ee\/fi\/missio-ja-historia\/","title":{"rendered":"Missio ja historia"},"content":{"rendered":"\n<h2 class=\"wp-block-heading\">Missio<\/h2>\n\n\n\n<p>Tallinnan el\u00e4intarha on maailmanlaajuisen el\u00e4intarhojen verkoston arvostettu osa. Kuten kaikki el\u00e4intarhat, meid\u00e4nkin toimintamme tukena ovat kolme pilaria: el\u00e4imet, vierailijat ja el\u00e4intarhan henkil\u00f6kunta. T\u00e4m\u00e4n kolmikon taitava yhdist\u00e4minen suo meille loistavat edellytykset yhteens\u00e4 nelj\u00e4ll\u00e4 alueella toimimiseen: luontokasvatus, k\u00e4yt\u00e4nn\u00f6n luonnonsuojelu, tieteelliset tutkimukset ja vierailijoillemme el\u00e4myksi\u00e4 ja uutta tietoa antavan virkistyksen tarjoaminen. Kaiken t\u00e4m\u00e4n edellytyksen\u00e4 on jatkuvasti parantuva huolenpito meid\u00e4n vastuulla olevien lajien ja el\u00e4inten hyvinvoinnista \u2013 niin el\u00e4intarhassa kuin luonnossakin. <\/p>\n\n\n\n<p>Lyhyesti sanottuna \u2013 meid\u00e4n missiona ovat &#8220;v\u00e4litt\u00e4\u00e4&#8221; ja &#8220;v\u00e4litt\u00e4misen opettaminen&#8221;. Toisin sanoen \u2013 luonnon monimuotoisuuden huomioivan ja ymp\u00e4rist\u00f6\u00e4 kokonaisuutena k\u00e4sittelev\u00e4n luontokulttuurin johdonmukainen edist\u00e4minen lapsista i\u00e4kk\u00e4isiin. Siksi on Tallinnan el\u00e4intarhalla, ainutlaatuisena luonnonkeitaana kaupunkimaisemassa, kansallisessa kulttuurissamme t\u00e4rke\u00e4 rooli. <\/p>\n\n\n\n<h2 class=\"wp-block-heading\">Historiasta<\/h2>\n\n\n\n<p>Virossa, kuten useimmissa ensimm\u00e4isen maailmansodan j\u00e4lkeen itsen\u00e4istyneiss\u00e4 maissa, on el\u00e4intarhojen perustaminen alkanut vasta toisen maailmansodan aattona, vaikka keskustelu niiden tarpeellisuudesta oli alkanut heti itsen\u00e4isyyden julistamisen j\u00e4lkeen. Tallinnan el\u00e4intarha avattiin 25. elokuuta 1939. Suurimman vastuun tapahtuman kantoivat el\u00e4insuojeluliitto sek\u00e4 luonnonsuojelu- ja matkailuinstituutti.<\/p>\n\n\n\n<p>Vuonna 1937 Helsingiss\u00e4 maailmanmestaruuden voittanut Viron ampumaliiton joukkue sai nk. Argentiinalaisen cupin lis\u00e4ksi Suomesta palkintona mukaansa ilveksenpoikasen, Illun. Siit\u00e4 tuli yksi Tallinnan el\u00e4intarhan ensimm\u00e4isist\u00e4 el\u00e4imist\u00e4 ja my\u00f6hemmin sen tunnusel\u00e4in. El\u00e4intarhan alustavat tilat rakennettiin Kadriorgin puiston reunalle, tarkoituksena oli l\u00f6yt\u00e4\u00e4 my\u00f6hemmin parempi paikka tasokkaan el\u00e4intarhan rakentamiseen. Vuonna 1940, Viron miehitt\u00e4misen j\u00e4lkeen, jolloin yhdistysten ja liittojen toiminta kiellettiin, el\u00e4intarha siirrettiin Tallinnan kaupunginhallituksen hallintaan ja toimii kaupungin laitoksena edelleen. El\u00e4intarha toimi Kadriorgin rinteess\u00e4 aina vuoteen 1983 asti, jolloin muutettiin uudelle, noin 89 hehtaarin kokoiselle tontille Veskimetsa-kaupunginosassa.<\/p>\n\n\n\n<h3 class=\"wp-block-heading\">El\u00e4intarhassa on vaihe vaiheelta avattu uusia kokoelmia:<\/h3>\n\n\n\n<ul class=\"wp-block-list\">\n<li>1999 tropiikkitalo<\/li>\n\n\n\n<li>2002 lintulammet ja Sis\u00e4-Aasian kokoelma<\/li>\n\n\n\n<li>2004 alpinarium ja juovahyeenojen aitaus<\/li>\n\n\n\n<li>2005 tropiikkitalo ja naarasnorsujen aitaus<\/li>\n\n\n\n<li>2006 amurinleopardien ja leijonien aitaukset<\/li>\n\n\n\n<li>2008 rakennettiin japaninmakakeille uusi elinymp\u00e4rist\u00f6 ja kunnostettiin norsujen sis\u00e4tilat<\/li>\n\n\n\n<li>2008 avattiin kurkiaitaus<\/li>\n\n\n\n<li>2011 rakennettiin pienten kissael\u00e4inten kokoelma<\/li>\n\n\n\n<li>2012 valmistui kenguruiden aitaus<\/li>\n\n\n\n<li>2013 rakennettiin pensasarvikuonon aitaus<\/li>\n\n\n\n<li>2014 valmistui aavikkoilveksen h\u00e4kki ja my\u00f6s pitk\u00e4\u00e4n odotettu el\u00e4intarhan ymp\u00e4rist\u00f6kasvatuskeskus yhdess\u00e4 ymp\u00e4rivuotisesti toimivan lasten el\u00e4intarhan kanssa<\/li>\n\n\n\n<li>2017 valmistui uusi j\u00e4\u00e4karhujen aitaus<\/li>\n\n\n\n<li>2023 avattiin Kaakkois-Aasian sademets\u00e4kokoelma<\/li>\n\n\n\n<li>2024 kev\u00e4\u00e4ll\u00e4 avataan tiikerilaakso<\/li>\n<\/ul>\n\n\n\n<p>Vanhoissa neuvostoaikaisissa armeijavarastoissa on viel\u00e4 useita el\u00e4imi\u00e4, joiden elinoloja on parannettava.<\/p>\n\n\n\n<h3 class=\"wp-block-heading\">Pohjoismaiden monipuolisin kokoelma<\/h3>\n\n\n\n<p>Yksik\u00e4\u00e4n el\u00e4intarha ei pysty yht\u00e4 hyvin k\u00e4sittelem\u00e4\u00e4n kovin suurta lajim\u00e4\u00e4r\u00e4\u00e4 kerrallaan, joten el\u00e4intarhan on erikoistuttava tiettyihin el\u00e4inryhmiin. Tallinnan el\u00e4intarhassa on t\u00e4m\u00e4n seurauksena maailman paras vuorikauristen ja argaalien kokoelma, huomattava runsas valikoima kotkia ja korppikotkia sek\u00e4 hyv\u00e4 valikoima p\u00f6ll\u00f6- ja kurkilajeja. Muiden el\u00e4inryhmien osalta on valikoima yksipuolisempi. Kuitenkin voidaan todeta, ett\u00e4 el\u00e4intarha on toimintansa aikana koonnut Pohjoismaiden monipuolisimman kokoelman ja my\u00f6s el\u00e4intarhan asukkaat ovat my\u00f6s onnistuneesti lis\u00e4\u00e4ntyneet. N\u00e4m\u00e4 tulokset ovat suorassa riippuvuudessa meid\u00e4n ty\u00f6ntekij\u00f6idemme tiedoista ja taidoista. Tallinnan el\u00e4intarha vuonna 1989 hyv\u00e4ksyttiin ensimm\u00e4isen\u00e4 neuvostoliittolaisena el\u00e4intarhana Maailman el\u00e4intarha- ja akvaarioj\u00e4rjest\u00f6n (WAZA) j\u00e4seneksi, mutta jo kymmenen vuotta aikaisemmin tuli Tallinnan el\u00e4intarhasta Amerikan el\u00e4intarha- ja akvaarioj\u00e4rjest\u00f6n (AAZA) tukijaj\u00e4sen. Tallinnan el\u00e4intarha on sen j\u00e4lkeen osallistunut aktiivisesti el\u00e4intarhojen alueellisten yhdistysten (EAZA ja EARAZA) perustamiseen.<\/p>\n\n\n<section class=\"info-slider-section wide-section\">\n  <div class=\"wide-section__inner\">\n    <div class=\"container-fluid\">\n      <div class=\"row\">\n        <div class=\"col-lg-5\">\n          <div class=\"info-slider-section__content-wrap\">\n            <h2 class=\"h1 mb-0 mb-lg-3\">Kuka oli el\u00e4intarhan ensimm\u00e4inen asukas?<\/h2>\n\n            <div class=\"d-none d-lg-block\">\n              \n                          <\/div>\n          <\/div>\n        <\/div>\n\n        <div class=\"col-lg-7\">\n                      <div class=\"info-slider\">\n                              <div class=\"info-slider__slide info-slider__slide--cyan\">\n                  <div class=\"info-slider__left\">\n                    <h3 class=\"h2\">Illu-ilves<\/h3>\n\n                                          <p>Virolaiset ampumaurheilijat lahjoittivat vuonna 1937 tulevaa el\u00e4intarhaa varten Suomessa j\u00e4rjestetyiss\u00e4 ammunnan maailmanmestaruuskilpailuilla saavutetusta ensimm\u00e4isest\u00e4 sijasta palkinnoksi saadun ilveksenpoikasen, Viron metsiss\u00e4 tuolloin melkein harvinaisen el\u00e4imen. Vastaanottajat p\u00e4\u00e4ttiv\u00e4t nimet\u00e4 pennun Iluksi, kutsumanimelt\u00e4\u00e4n Illuksi ja se vietti ensimm\u00e4iset elinvuotensa Kadriorgin taimitarhan puutarhassa, presidentti P\u00e4tsin veljen vaimon Asta P\u00e4tsin hoidossa. Illu-ilves menehtyi tapaturmaisesti vuoden 1944 maaliskuun pommihy\u00f6kk\u00e4yksess\u00e4, pommin sirpaleen osuttuaan el\u00e4imeen.<\/p>\n\n                                      <\/div>\n\n                                      <img loading=\"lazy\" decoding=\"async\" width=\"594\" height=\"917\" src=\"https:\/\/tallinnzoo.webquer.ee\/wp-content\/uploads\/2022\/05\/ilves-Illu-e1653737260895.jpg\" class=\"img-fluid info-slider__img\" alt=\"\" \/>\n                                  <\/div>\n                          <\/div>\n                  <\/div>\n\n        <div class=\"col-12\">\n          <div class=\"info-slider-section__mobile-content\">\n            \n                      <\/div>\n        <\/div>\n      <\/div>\n    <\/div>\n  <\/div>\n<\/section>\n","protected":false},"excerpt":{"rendered":"<p>Missio Tallinnan el\u00e4intarha on maailmanlaajuisen el\u00e4intarhojen verkoston arvostettu osa. Kuten kaikki el\u00e4intarhat, meid\u00e4nkin toimintamme tukena ovat kolme pilaria: el\u00e4imet, vierailijat &#8230;<\/p>\n","protected":false},"author":3,"featured_media":3586,"parent":0,"menu_order":0,"comment_status":"closed","ping_status":"closed","template":"","meta":{"_acf_changed":false,"om_disable_all_campaigns":false,"inline_featured_image":false,"_uf_show_specific_survey":0,"_uf_disable_surveys":false,"footnotes":""},"class_list":["post-45114","page","type-page","status-publish","has-post-thumbnail","hentry"],"acf":[],"_links":{"self":[{"href":"https:\/\/tallinnzoo.webquer.ee\/fi\/wp-json\/wp\/v2\/pages\/45114","targetHints":{"allow":["GET"]}}],"collection":[{"href":"https:\/\/tallinnzoo.webquer.ee\/fi\/wp-json\/wp\/v2\/pages"}],"about":[{"href":"https:\/\/tallinnzoo.webquer.ee\/fi\/wp-json\/wp\/v2\/types\/page"}],"author":[{"embeddable":true,"href":"https:\/\/tallinnzoo.webquer.ee\/fi\/wp-json\/wp\/v2\/users\/3"}],"replies":[{"embeddable":true,"href":"https:\/\/tallinnzoo.webquer.ee\/fi\/wp-json\/wp\/v2\/comments?post=45114"}],"version-history":[{"count":0,"href":"https:\/\/tallinnzoo.webquer.ee\/fi\/wp-json\/wp\/v2\/pages\/45114\/revisions"}],"wp:featuredmedia":[{"embeddable":true,"href":"https:\/\/tallinnzoo.webquer.ee\/fi\/wp-json\/wp\/v2\/media\/3586"}],"wp:attachment":[{"href":"https:\/\/tallinnzoo.webquer.ee\/fi\/wp-json\/wp\/v2\/media?parent=45114"}],"curies":[{"name":"wp","href":"https:\/\/api.w.org\/{rel}","templated":true}]}}