{"id":13133,"date":"2022-04-28T16:00:29","date_gmt":"2022-04-28T13:00:29","guid":{"rendered":"https:\/\/tallinnzoo.ee\/yhteystiedot\/"},"modified":"2023-08-02T13:36:34","modified_gmt":"2023-08-02T10:36:34","slug":"yhteystiedot","status":"publish","type":"page","link":"https:\/\/tallinnzoo.webquer.ee\/fi\/yhteystiedot\/","title":{"rendered":"Yhteystiedot"},"content":{"rendered":"<section class=\"contact-info-section wide-section\">\n  <div class=\"wide-section__inner\">\n    <div class=\"contact-info\">\n      <h2 class=\"sr-only\">Contact info<\/h2>\n      <div class=\"container\">\n        <div class=\"row row-large-gutter\">\n                      <div class=\"col-md-6 col-lg-4\">\n              <div class=\"contact-info__col\">\n                                  <h3 class=\"icon-title icon-title--chat icon-title--lg\">Ota yhteytt\u00e4<\/h3>\n                \n                                  <p>Puhelin (arkip\u00e4ivisin) <a href=\"tel:3726943300\">+372<\/a>694 33 00<\/p>\n<p>H\u00e4t\u00e4apu <a href=\"tel:3725126965\">512 69 65<\/a><\/p>\n<p>S\u00e4hk\u00f6posti <a href=\"mailto:zoo@tallinnzoo.ee\">zoo@tallinnzoo.ee<\/a><\/p>\n\n                              <\/div>\n            <\/div>\n          \n                      <div class=\"col-md-6 col-lg-4 col-middle\">\n              <div class=\"contact-info__col\">\n                                  <h3 class=\"icon-title icon-title--pin icon-title--lg\">Osoite<\/h3>\n                \n                                  <p>Tallinnan el\u00e4intarha<\/p>\n<p>Ehitajate tee 150\/Paldiski mnt 145<br \/>\nTallinn 13522, Viro<\/p>\n\n                              <\/div>\n            <\/div>\n          \n                      <div class=\"col-md-6 col-lg-4\">\n              <div class=\"contact-info__col\">\n                                  <h3 class=\"icon-title icon-title--book icon-title--lg\">Tiedot<\/h3>\n                \n                                  <p>Rekisterinumero: 75016102<\/p>\n<p>ALV-nr (VAT): EE100184949<\/p>\n\n                              <\/div>\n            <\/div>\n                  <\/div>\n      <\/div>\n    <\/div>\n  <\/div>\n<\/section>\n\n\n<section class=\"gates-info-section wide-section\">\n  <div class=\"wide-section__inner\">\n    <h2 class=\"sr-only\">Gates info<\/h2>\n    <div class=\"container\">\n      <div class=\"row\">\n                  <div class=\"col-md-6\">\n            <div class=\"gate-info \">\n  <div class=\"gate-info__content-wrap\">\n    <h3 class=\"h2 mb-1\">Pohjoisportti (B)<\/h3>\n    <p class=\"mb-4\">Paldiski mnt 145, Tallinn<\/p>\n    <h4 class=\"mb-2\">Reittiohjeet el\u00e4intarhaan<\/h4>\n\n    <ul class=\"zoo-directions\">\n              <li class=\"zoo-directions__item zoo-directions__item--bus\">\n          <a href=\"https:\/\/goo.gl\/maps\/7B1DipkfBRuY7aNx5\" class=\"btn btn-with-text\" target=\"_blank\">Bussilla<\/a>\n        <\/li>\n      \n              <li class=\"zoo-directions__item zoo-directions__item--car\">\n          <a href=\"https:\/\/goo.gl\/maps\/PAyjNQ1RVTbQTd6PA\" class=\"btn btn-with-text\" target=\"_blank\">Autolla<\/a>\n        <\/li>\n      \n              <li class=\"zoo-directions__item zoo-directions__item--bicycle\">\n          <a href=\"https:\/\/goo.gl\/maps\/av7KBtkRMxAnSLV69\" class=\"btn btn-with-text\" target=\"_blank\">Py\u00f6r\u00e4ll\u00e4<\/a>\n        <\/li>\n          <\/ul>\n\n    <div class=\"gate-info__content\">\n      <p><strong>Vabaduse aukiolta<\/strong> (Vabaduse v\u00e4ljak) bussit 21, 21b, 22, 41, 41b ja 42 (pys\u00e4kki Zoo)<br \/>\n<strong>Balti jaam rautatieasemalta<\/strong> bussit 8, 21 ja 41 (pys\u00e4kki Zoo)<\/p>\n\n    <\/div>\n  <\/div>\n\n    <div class=\"gate-info__map embed-responsive embed-responsive-4by3\">\n    <iframe src=\"https:\/\/www.google.com\/maps\/embed?pb=!1m18!1m12!1m3!1d2029.4305493404752!2d24.65730391651753!3d59.42589351031786!2m3!1f0!2f0!3f0!3m2!1i1024!2i768!4f13.1!3m3!1m2!1s0x46929438c95baf35%3A0xfccf71e6d2832ba6!2sTallinn%20Zoo!5e0!3m2!1set!2see!4v1651496432542!5m2!1set!2see\" width=\"600\" height=\"450\" style=\"border:0;\" allowfullscreen=\"\" loading=\"lazy\" referrerpolicy=\"no-referrer-when-downgrade\"><\/iframe>\n  <\/div>\n  <\/div>\n          <\/div>\n        \n                  <div class=\"col-md-6\">\n            <div class=\"gate-info gate-info--secondary\">\n  <div class=\"gate-info__content-wrap\">\n    <h3 class=\"h2 mb-1\">L\u00e4nsiportti (A)<\/h3>\n    <p class=\"mb-4\">Ehitajate tee 150, Tallinn<\/p>\n    <h4 class=\"mb-2\">Reittiohjeet el\u00e4intarhaan<\/h4>\n\n    <ul class=\"zoo-directions\">\n              <li class=\"zoo-directions__item zoo-directions__item--bus\">\n          <a href=\"https:\/\/goo.gl\/maps\/7qohVoSjwjgEryoF8\" class=\"btn btn-with-text\" target=\"_blank\">Bussilla<\/a>\n        <\/li>\n      \n              <li class=\"zoo-directions__item zoo-directions__item--car\">\n          <a href=\"https:\/\/goo.gl\/maps\/UiBdo7379PaAqFYu5\" class=\"btn btn-with-text\" target=\"_blank\">Autolla<\/a>\n        <\/li>\n      \n              <li class=\"zoo-directions__item zoo-directions__item--bicycle\">\n          <a href=\"https:\/\/goo.gl\/maps\/W3rGxDJ9gink6ntZA\" class=\"btn btn-with-text\" target=\"_blank\">Py\u00f6r\u00e4ll\u00e4<\/a>\n        <\/li>\n          <\/ul>\n\n    <div class=\"gate-info__content\">\n      <p><strong>Vabaduse aukiolta<\/strong> (Vabaduse v\u00e4ljak) bussi 42 (pys\u00e4kki Karikakra tai Nurmenuku)<br \/>\n<strong>Bussit<\/strong> 10, 12, 16, 26, 26a, 27, 28, 45, 61 ja 64 (pys\u00e4kki Meistri)<\/p>\n\n    <\/div>\n  <\/div>\n\n    <div class=\"gate-info__map embed-responsive embed-responsive-4by3\">\n    <iframe src=\"https:\/\/www.google.com\/maps\/embed?pb=!1m18!1m12!1m3!1d2414.063324588805!2d24.660272930555436!3d59.416775344587!2m3!1f0!2f0!3f0!3m2!1i1024!2i768!4f13.1!3m3!1m2!1s0x4692944f565945b9%3A0x25953ef6033c6f4a!2sTalllinna%20Loomaaia%20parkla!5e0!3m2!1set!2see!4v1651496636526!5m2!1set!2see\" width=\"600\" height=\"450\" style=\"border:0;\" allowfullscreen=\"\" loading=\"lazy\" referrerpolicy=\"no-referrer-when-downgrade\"><\/iframe>\n  <\/div>\n  <\/div>\n          <\/div>\n              <\/div>\n    <\/div>\n  <\/div>\n<\/section>\n\n\n<section class=\"feedback-section wide-section\">\n  <div class=\"wide-section__inner\">\n    <div class=\"container\">\n      <div class=\"row\">\n        <div class=\"col-md-6\">\n          <h2 class=\"h1 text-white mb-md-0\">Anna palautetta<\/h2>\n        <\/div>\n        <div class=\"col-md-6 justify-content-center align-self-center\">\n                      <p>L\u00e4het\u00e4 toimenpide-ehdotuksia, kiitoksia tai moitteita <\/p>\n\n          \n          <button class=\"btn btn-secondary\" data-toggle=\"modal\" data-target=\"#feedback-modal\">Anna palautetta<\/button>\n        <\/div>\n      <\/div>\n    <\/div>\n  <\/div>\n<\/section>\n\n<div class=\"modal fade feedback-modal\" id=\"feedback-modal\" tabindex=\"-1\" role=\"dialog\" aria-labelledby=\"feedback-modal-title\" aria-hidden=\"true\">\n  <div class=\"modal-dialog modal-dialog-centered\" role=\"document\">\n    <div class=\"modal-content\">\n      <button type=\"button\" class=\"close\" data-dismiss=\"modal\" aria-label=\"Close\">\n        <span aria-hidden=\"true\">&times;<\/span>\n      <\/button>\n      <img loading=\"lazy\" decoding=\"async\" src=\"https:\/\/tallinnzoo.webquer.ee\/wp-content\/themes\/loomaaed\/dist\/images\/plants-4_4b3795dd.svg\" class=\"feedback-modal__illustration feedback-modal__illustration--1\" alt=\"Kuva\" width=\"81\" height=\"351\">\n      <img loading=\"lazy\" decoding=\"async\" src=\"https:\/\/tallinnzoo.webquer.ee\/wp-content\/themes\/loomaaed\/dist\/images\/plants-5_0c0d0c3d.svg\" class=\"feedback-modal__illustration feedback-modal__illustration--2\" alt=\"Kuva\" width=\"87\" height=\"427\">\n      <div class=\"modal-body\">\n        <h2 id=\"feedback-modal-title\" class=\"text-md-center\">Anna palautetta<\/h2>\n\n                  <div class=\"mb-7 text-md-center\">L\u00e4het\u00e4 toimenpide-ehdotuksia, kiitoksia tai moitteita <\/div>\n        \n                  <noscript class=\"ninja-forms-noscript-message\">\n\tHuomautus: JavaScript vaaditaan t\u00e4t\u00e4 sis\u00e4lt\u00f6\u00e4 varten.<\/noscript>\nThis form is currently undergoing maintenance. Please try again later.\n        \n                  <p class=\"text-xs mb-0\">Tallinnan el\u00e4intarha k\u00e4ytt\u00e4\u00e4 tietoja vain vastamiseksi.<\/p>\n              <\/div>\n    <\/div>\n  <\/div>\n<\/div>\n","protected":false},"excerpt":{"rendered":"","protected":false},"author":1,"featured_media":412,"parent":0,"menu_order":0,"comment_status":"closed","ping_status":"closed","template":"","meta":{"_acf_changed":false,"om_disable_all_campaigns":false,"inline_featured_image":false,"_uf_show_specific_survey":0,"_uf_disable_surveys":false,"footnotes":""},"class_list":["post-13133","page","type-page","status-publish","has-post-thumbnail","hentry"],"acf":[],"_links":{"self":[{"href":"https:\/\/tallinnzoo.webquer.ee\/fi\/wp-json\/wp\/v2\/pages\/13133","targetHints":{"allow":["GET"]}}],"collection":[{"href":"https:\/\/tallinnzoo.webquer.ee\/fi\/wp-json\/wp\/v2\/pages"}],"about":[{"href":"https:\/\/tallinnzoo.webquer.ee\/fi\/wp-json\/wp\/v2\/types\/page"}],"author":[{"embeddable":true,"href":"https:\/\/tallinnzoo.webquer.ee\/fi\/wp-json\/wp\/v2\/users\/1"}],"replies":[{"embeddable":true,"href":"https:\/\/tallinnzoo.webquer.ee\/fi\/wp-json\/wp\/v2\/comments?post=13133"}],"version-history":[{"count":0,"href":"https:\/\/tallinnzoo.webquer.ee\/fi\/wp-json\/wp\/v2\/pages\/13133\/revisions"}],"wp:featuredmedia":[{"embeddable":true,"href":"https:\/\/tallinnzoo.webquer.ee\/fi\/wp-json\/wp\/v2\/media\/412"}],"wp:attachment":[{"href":"https:\/\/tallinnzoo.webquer.ee\/fi\/wp-json\/wp\/v2\/media?parent=13133"}],"curies":[{"name":"wp","href":"https:\/\/api.w.org\/{rel}","templated":true}]}}