{"id":13124,"date":"2022-05-18T13:57:36","date_gmt":"2022-05-18T10:57:36","guid":{"rendered":"https:\/\/tallinnzoo.ee\/saapuminen-ja-pysakointi\/"},"modified":"2024-07-10T15:33:47","modified_gmt":"2024-07-10T12:33:47","slug":"saapuminen-ja-pysakointi","status":"publish","type":"page","link":"https:\/\/tallinnzoo.webquer.ee\/fi\/saapuminen-ja-pysakointi\/","title":{"rendered":"Saapuminen ja pys\u00e4k\u00f6inti"},"content":{"rendered":"\n<h2 class=\"wp-block-heading has-text-align-center\">Kulkuyhteydet<\/h2>\n\n\n<section class=\"gates-info-section wide-section\">\n  <div class=\"wide-section__inner\">\n    <h2 class=\"sr-only\">Gates info<\/h2>\n    <div class=\"container\">\n      <div class=\"row\">\n                  <div class=\"col-md-6\">\n            <div class=\"gate-info \">\n  <div class=\"gate-info__content-wrap\">\n    <h3 class=\"h2 mb-1\">Pohjoisportti (B)<\/h3>\n    <p class=\"mb-4\">Paldiski mnt 145, Tallinn<\/p>\n    <h4 class=\"mb-2\">Reittiohjeet el\u00e4intarhaan<\/h4>\n\n    <ul class=\"zoo-directions\">\n              <li class=\"zoo-directions__item zoo-directions__item--bus\">\n          <a href=\"https:\/\/goo.gl\/maps\/7B1DipkfBRuY7aNx5\" class=\"btn btn-with-text\" target=\"_blank\">Bussilla<\/a>\n        <\/li>\n      \n              <li class=\"zoo-directions__item zoo-directions__item--car\">\n          <a href=\"https:\/\/goo.gl\/maps\/PAyjNQ1RVTbQTd6PA\" class=\"btn btn-with-text\" target=\"_blank\">Autolla<\/a>\n        <\/li>\n      \n              <li class=\"zoo-directions__item zoo-directions__item--bicycle\">\n          <a href=\"https:\/\/goo.gl\/maps\/av7KBtkRMxAnSLV69\" class=\"btn btn-with-text\" target=\"_blank\">Py\u00f6r\u00e4ll\u00e4<\/a>\n        <\/li>\n          <\/ul>\n\n    <div class=\"gate-info__content\">\n      <p><strong>Vabaduse aukiolta<\/strong> (Vabaduse v\u00e4ljak) bussit 21, 21b, 22, 41, 41b ja 42 (pys\u00e4kki Zoo)<br \/>\n<strong>Balti jaam rautatieasemalta<\/strong> bussit 8, 21 ja 41 (pys\u00e4kki Zoo)<\/p>\n\n    <\/div>\n  <\/div>\n\n    <div class=\"gate-info__map embed-responsive embed-responsive-4by3\">\n    <iframe src=\"https:\/\/www.google.com\/maps\/embed?pb=!1m18!1m12!1m3!1d2029.4305493404752!2d24.65730391651753!3d59.42589351031786!2m3!1f0!2f0!3f0!3m2!1i1024!2i768!4f13.1!3m3!1m2!1s0x46929438c95baf35%3A0xfccf71e6d2832ba6!2sTallinn%20Zoo!5e0!3m2!1set!2see!4v1651496432542!5m2!1set!2see\" width=\"600\" height=\"450\" style=\"border:0;\" allowfullscreen=\"\" loading=\"lazy\" referrerpolicy=\"no-referrer-when-downgrade\"><\/iframe>\n  <\/div>\n  <\/div>\n          <\/div>\n        \n                  <div class=\"col-md-6\">\n            <div class=\"gate-info gate-info--secondary\">\n  <div class=\"gate-info__content-wrap\">\n    <h3 class=\"h2 mb-1\">L\u00e4nsiportti (A)<\/h3>\n    <p class=\"mb-4\">Ehitajate tee 150, Tallinn<\/p>\n    <h4 class=\"mb-2\">Reittiohjeet el\u00e4intarhaan<\/h4>\n\n    <ul class=\"zoo-directions\">\n              <li class=\"zoo-directions__item zoo-directions__item--bus\">\n          <a href=\"https:\/\/goo.gl\/maps\/7qohVoSjwjgEryoF8\" class=\"btn btn-with-text\" target=\"_blank\">Bussilla<\/a>\n        <\/li>\n      \n              <li class=\"zoo-directions__item zoo-directions__item--car\">\n          <a href=\"https:\/\/goo.gl\/maps\/UiBdo7379PaAqFYu5\" class=\"btn btn-with-text\" target=\"_blank\">Autolla<\/a>\n        <\/li>\n      \n              <li class=\"zoo-directions__item zoo-directions__item--bicycle\">\n          <a href=\"https:\/\/goo.gl\/maps\/W3rGxDJ9gink6ntZA\" class=\"btn btn-with-text\" target=\"_blank\">Py\u00f6r\u00e4ll\u00e4<\/a>\n        <\/li>\n          <\/ul>\n\n    <div class=\"gate-info__content\">\n      <p><strong>Vabaduse aukiolta (Vabaduse v\u00e4ljak)<\/strong>\u00a0 bussi nr 42 (pys\u00e4kki Karikakra tai Nurmenuku)<br \/>\n<strong>Bussit<\/strong> 10, 12, 16, 26, 26A, 27, 28, 45, 46, 61 ja 64 (pys\u00e4kki Meistri)<\/p>\n\n    <\/div>\n  <\/div>\n\n    <div class=\"gate-info__map embed-responsive embed-responsive-4by3\">\n    <iframe src=\"https:\/\/www.google.com\/maps\/embed?pb=!1m18!1m12!1m3!1d2414.063324588805!2d24.660272930555436!3d59.416775344587!2m3!1f0!2f0!3f0!3m2!1i1024!2i768!4f13.1!3m3!1m2!1s0x4692944f565945b9%3A0x25953ef6033c6f4a!2sTalllinna%20Loomaaia%20parkla!5e0!3m2!1set!2see!4v1651496636526!5m2!1set!2see\" width=\"600\" height=\"450\" style=\"border:0;\" allowfullscreen=\"\" loading=\"lazy\" referrerpolicy=\"no-referrer-when-downgrade\"><\/iframe>\n  <\/div>\n  <\/div>\n          <\/div>\n              <\/div>\n    <\/div>\n  <\/div>\n<\/section>\n\n\n\n<p><\/p>\n\n\n\n<h2 class=\"wp-block-heading has-text-align-center\">Pys\u00e4k\u00f6inti<\/h2>\n\n\n\n<p><\/p>\n\n\n\n<figure class=\"wp-block-table\"><table><thead><tr><th class=\"has-text-align-left\" data-align=\"left\"><strong>Pohjoisportti<\/strong> (B portti) sijaitsee Rocca al Mare-kauppakeskusta vastap\u00e4\u00e4t\u00e4 Paldiski mnt 145<\/th><th class=\"has-text-align-center\" data-align=\"center\"><strong>Hinta (\u20ac)<\/strong><\/th><\/tr><\/thead><tbody><tr><td class=\"has-text-align-left\" data-align=\"left\"><\/td><td class=\"has-text-align-center\" data-align=\"center\">Ilmainen<\/td><\/tr><\/tbody><\/table><\/figure>\n\n\n\n<figure class=\"wp-block-table\"><table><thead><tr><th class=\"has-text-align-left\" data-align=\"left\"><strong>L\u00e4nsiportti (A portti) sijaitsee \u00d5ism\u00e4e kaupunginosaa vastap\u00e4\u00e4t\u00e4 Ehitajate tee 150<\/strong><\/th><th class=\"has-text-align-center\" data-align=\"center\"><strong>Hinta (\u20ac)<\/strong><\/th><\/tr><\/thead><tbody><tr><td class=\"has-text-align-left\" data-align=\"left\">Ajoneuvon pys\u00e4k\u00f6inti <strong>el\u00e4intarhan vierailun ajan<\/strong> el\u00e4intarhan lippua n\u00e4ytt\u00e4m\u00e4ll\u00e4 (lukuunottamatta bussi)<\/td><td class=\"has-text-align-center\" data-align=\"center\"><strong>2,10<\/strong><\/td><\/tr><tr><td class=\"has-text-align-left\" data-align=\"left\">Bussin pys\u00e4k\u00f6inti <strong>el\u00e4intarhan vierailun ajan<\/strong> el\u00e4intarhan lippua n\u00e4ytt\u00e4m\u00e4ll\u00e4<\/td><td class=\"has-text-align-center\" data-align=\"center\"><strong>4,10<\/strong><\/td><\/tr><tr><td class=\"has-text-align-left\" data-align=\"left\"><strong>Vammaisen<\/strong> invalidimerkinn\u00e4ll\u00e4 varustettu auto (asianmukaista todistusta n\u00e4ytt\u00e4m\u00e4ll\u00e4) voi pys\u00e4k\u00f6id\u00e4 el\u00e4intarhan parkkipaikalla <strong>vierailun ajan<\/strong> <\/td><td class=\"has-text-align-center\" data-align=\"center\"><strong>ilmaiseksi<\/strong><\/td><\/tr><\/tbody><\/table><\/figure>\n\n\n\n<figure class=\"wp-block-table\"><table><thead><tr><th class=\"has-text-align-left\" data-align=\"left\"><strong>L\u00e4nsiportin (A portin) lis\u00e4pys\u00e4k\u00f6inti Ehitajate tee 1<\/strong>32, nurmikko Autospiritin vieress\u00e4<\/th><th class=\"has-text-align-center\" data-align=\"center\"><strong>Hinta (\u20ac)<\/strong><\/th><\/tr><\/thead><tbody><tr><td class=\"has-text-align-left\" data-align=\"left\">Ajoneuvon pys\u00e4k\u00f6inti <strong>el\u00e4intarhan vierailun ajan<\/strong> el\u00e4intarhan lippua n\u00e4ytt\u00e4m\u00e4ll\u00e4 (lukuunottamatta bussi)<\/td><td class=\"has-text-align-center\" data-align=\"center\"><strong>2,10<\/strong><\/td><\/tr><tr><td class=\"has-text-align-left\" data-align=\"left\"><strong>Vammaisen<\/strong> invalidimerkinn\u00e4ll\u00e4 varustettu auto (asianmukaista todistusta n\u00e4ytt\u00e4m\u00e4ll\u00e4) voi pys\u00e4k\u00f6id\u00e4 el\u00e4intarhan parkkipaikalla <strong>vierailun ajan<\/strong> <\/td><td class=\"has-text-align-center\" data-align=\"center\"><strong>ilmaiseksi<\/strong><\/td><\/tr><\/tbody><\/table><\/figure>\n","protected":false},"excerpt":{"rendered":"<p>Kulkuyhteydet Pys\u00e4k\u00f6inti Pohjoisportti (B portti) sijaitsee Rocca al Mare-kauppakeskusta vastap\u00e4\u00e4t\u00e4 Paldiski mnt 145 Hinta (\u20ac) Ilmainen L\u00e4nsiportti (A portti) sijaitsee &#8230;<\/p>\n","protected":false},"author":2,"featured_media":28943,"parent":0,"menu_order":0,"comment_status":"closed","ping_status":"closed","template":"","meta":{"_acf_changed":false,"om_disable_all_campaigns":false,"inline_featured_image":false,"_uf_show_specific_survey":0,"_uf_disable_surveys":false,"footnotes":""},"class_list":["post-13124","page","type-page","status-publish","has-post-thumbnail","hentry"],"acf":[],"_links":{"self":[{"href":"https:\/\/tallinnzoo.webquer.ee\/fi\/wp-json\/wp\/v2\/pages\/13124","targetHints":{"allow":["GET"]}}],"collection":[{"href":"https:\/\/tallinnzoo.webquer.ee\/fi\/wp-json\/wp\/v2\/pages"}],"about":[{"href":"https:\/\/tallinnzoo.webquer.ee\/fi\/wp-json\/wp\/v2\/types\/page"}],"author":[{"embeddable":true,"href":"https:\/\/tallinnzoo.webquer.ee\/fi\/wp-json\/wp\/v2\/users\/2"}],"replies":[{"embeddable":true,"href":"https:\/\/tallinnzoo.webquer.ee\/fi\/wp-json\/wp\/v2\/comments?post=13124"}],"version-history":[{"count":0,"href":"https:\/\/tallinnzoo.webquer.ee\/fi\/wp-json\/wp\/v2\/pages\/13124\/revisions"}],"wp:featuredmedia":[{"embeddable":true,"href":"https:\/\/tallinnzoo.webquer.ee\/fi\/wp-json\/wp\/v2\/media\/28943"}],"wp:attachment":[{"href":"https:\/\/tallinnzoo.webquer.ee\/fi\/wp-json\/wp\/v2\/media?parent=13124"}],"curies":[{"name":"wp","href":"https:\/\/api.w.org\/{rel}","templated":true}]}}