{"id":13118,"date":"2022-05-19T18:30:58","date_gmt":"2022-05-19T15:30:58","guid":{"rendered":"https:\/\/tallinnzoo.ee\/elainten-ruokailuajat\/"},"modified":"2024-07-01T08:16:48","modified_gmt":"2024-07-01T05:16:48","slug":"elainten-ruokailuajat","status":"publish","type":"page","link":"https:\/\/tallinnzoo.webquer.ee\/fi\/elainten-ruokailuajat\/","title":{"rendered":"El\u00e4inten ruokailuajat"},"content":{"rendered":"\n<h3 class=\"wp-block-heading\">El\u00e4intarhassa kiertely on mielenkiintoisinta lounasaikaan, kun suunnittelet reittisi asukkaidemme ruokailuaikojen mukaan.<\/h3>\n\n\n\n<h3 class=\"wp-block-heading\">Tiistai<\/h3>\n\n\n\n<div class=\"wp-block-columns is-layout-flex wp-container-corecolumns-is-layout-9d6595d7 wp-block-columns-is-layout-flex\">\n<div class=\"wp-block-column is-layout-flow wp-block-column-is-layout-flow\">\n<ul class=\"wp-block-list\">\n<li><strong>12:00<\/strong> kinkajut eli kierteish\u00e4nt\u00e4karhut pieness\u00e4 tropiikkitalossa<\/li>\n\n\n\n<li><strong>12:15<\/strong> senegalingalagot pieness\u00e4 tropiikkitalossa<\/li>\n<\/ul>\n<\/div>\n\n\n\n<div class=\"wp-block-column is-layout-flow wp-block-column-is-layout-flow\">\n<div class=\"wp-block-kevinbatdorf-animate-in-view\" animatein=\"animate-in-view\" enabled=\"0\" once=\"1\" direction=\"1\" threshold=\"1\" timing=\"1\" offset=\"2rem\">\n<figure class=\"wp-block-image size-full is-resized is-style-default\"><img loading=\"lazy\" decoding=\"async\" width=\"800\" height=\"533\" src=\"https:\/\/tallinnzoo.ee\/wp-content\/uploads\/2022\/05\/senegali-galaago.jpg\" alt=\"\" class=\"wp-image-10335\" style=\"aspect-ratio:1.5009380863039399;width:301px;height:auto\" srcset=\"https:\/\/tallinnzoo.webquer.ee\/wp-content\/uploads\/2022\/05\/senegali-galaago.jpg 800w, https:\/\/tallinnzoo.webquer.ee\/wp-content\/uploads\/2022\/05\/senegali-galaago-300x200.jpg 300w, https:\/\/tallinnzoo.webquer.ee\/wp-content\/uploads\/2022\/05\/senegali-galaago-768x512.jpg 768w, https:\/\/tallinnzoo.webquer.ee\/wp-content\/uploads\/2022\/05\/senegali-galaago-600x400.jpg 600w\" sizes=\"auto, (max-width: 800px) 100vw, 800px\" \/><\/figure>\n<\/div>\n<\/div>\n<\/div>\n\n\n\n<h3 class=\"wp-block-heading\">Keskiviikko<\/h3>\n\n\n\n<div class=\"wp-block-columns is-layout-flex wp-container-corecolumns-is-layout-9d6595d7 wp-block-columns-is-layout-flex\">\n<div class=\"wp-block-column is-layout-flow wp-block-column-is-layout-flow\">\n<ul class=\"wp-block-list\">\n<li><strong>12:00<\/strong> kinkajut eli kierteish\u00e4nt\u00e4karhut pieness\u00e4 tropiikkitalossa<\/li>\n\n\n\n<li><strong>12:15<\/strong> senegalingalagot pieness\u00e4 tropiikkitalossa<\/li>\n\n\n\n<li><strong>13:00<\/strong> harmaahylkeet<\/li>\n\n\n\n<li><strong>13:15<\/strong> surikaatit norsutalossa<\/li>\n\n\n\n<li><strong>14:00<\/strong> t\u00f6yht\u00f6tamariinit pieness\u00e4 tropiikkitalossa<\/li>\n<\/ul>\n<\/div>\n\n\n\n<div class=\"wp-block-column is-layout-flow wp-block-column-is-layout-flow\">\n<figure class=\"wp-block-image size-full is-resized is-style-default\"><img loading=\"lazy\" decoding=\"async\" width=\"854\" height=\"641\" src=\"https:\/\/tallinnzoo.ee\/wp-content\/uploads\/2022\/05\/surikaadipojad_kolmekesi_foto-Inari-Leiman.jpg\" alt=\"\" class=\"wp-image-10553\" style=\"width:296px;height:196px\" srcset=\"https:\/\/tallinnzoo.webquer.ee\/wp-content\/uploads\/2022\/05\/surikaadipojad_kolmekesi_foto-Inari-Leiman.jpg 854w, https:\/\/tallinnzoo.webquer.ee\/wp-content\/uploads\/2022\/05\/surikaadipojad_kolmekesi_foto-Inari-Leiman-300x225.jpg 300w, https:\/\/tallinnzoo.webquer.ee\/wp-content\/uploads\/2022\/05\/surikaadipojad_kolmekesi_foto-Inari-Leiman-768x576.jpg 768w, https:\/\/tallinnzoo.webquer.ee\/wp-content\/uploads\/2022\/05\/surikaadipojad_kolmekesi_foto-Inari-Leiman-600x450.jpg 600w\" sizes=\"auto, (max-width: 854px) 100vw, 854px\" \/><\/figure>\n<\/div>\n<\/div>\n\n\n\n<h3 class=\"wp-block-heading\">Torstai<\/h3>\n\n\n\n<div class=\"wp-block-columns is-layout-flex wp-container-corecolumns-is-layout-9d6595d7 wp-block-columns-is-layout-flex\">\n<div class=\"wp-block-column is-layout-flow wp-block-column-is-layout-flow\">\n<ul class=\"wp-block-list\">\n<li><strong>12:00<\/strong> kinkajut eli kierteish\u00e4nt\u00e4karhut pieness\u00e4 tropiikkitalossa<\/li>\n\n\n\n<li><strong>12:15<\/strong> senegalingalagot pieness\u00e4 tropiikkitalossa<\/li>\n<\/ul>\n<\/div>\n<\/div>\n\n\n\n<h3 class=\"wp-block-heading\">Perjantai<\/h3>\n\n\n\n<div class=\"wp-block-columns is-layout-flex wp-container-corecolumns-is-layout-9d6595d7 wp-block-columns-is-layout-flex\">\n<div class=\"wp-block-column is-layout-flow wp-block-column-is-layout-flow\">\n<ul class=\"wp-block-list\">\n<li><strong>12:00<\/strong> kinkajut eli kierteish\u00e4nt\u00e4karhut pieness\u00e4 tropiikkitalossa<\/li>\n\n\n\n<li><strong>12:15<\/strong> senegalingalagot pieness\u00e4 tropiikkitalossa<\/li>\n<\/ul>\n<\/div>\n\n\n\n<div class=\"wp-block-column is-layout-flow wp-block-column-is-layout-flow\">\n<figure class=\"wp-block-image size-large is-resized is-style-default\"><img loading=\"lazy\" decoding=\"async\" width=\"1024\" height=\"683\" src=\"https:\/\/tallinnzoo.ee\/wp-content\/uploads\/2022\/05\/troopikamaja_senegali-galaago_Inari-Leiman-1024x683.jpg\" alt=\"\" class=\"wp-image-1259\" style=\"width:296px;height:196px\" srcset=\"https:\/\/tallinnzoo.webquer.ee\/wp-content\/uploads\/2022\/05\/troopikamaja_senegali-galaago_Inari-Leiman-1024x683.jpg 1024w, https:\/\/tallinnzoo.webquer.ee\/wp-content\/uploads\/2022\/05\/troopikamaja_senegali-galaago_Inari-Leiman-300x200.jpg 300w, https:\/\/tallinnzoo.webquer.ee\/wp-content\/uploads\/2022\/05\/troopikamaja_senegali-galaago_Inari-Leiman-768x512.jpg 768w, https:\/\/tallinnzoo.webquer.ee\/wp-content\/uploads\/2022\/05\/troopikamaja_senegali-galaago_Inari-Leiman-1536x1024.jpg 1536w, https:\/\/tallinnzoo.webquer.ee\/wp-content\/uploads\/2022\/05\/troopikamaja_senegali-galaago_Inari-Leiman-2048x1365.jpg 2048w, https:\/\/tallinnzoo.webquer.ee\/wp-content\/uploads\/2022\/05\/troopikamaja_senegali-galaago_Inari-Leiman-600x400.jpg 600w\" sizes=\"auto, (max-width: 1024px) 100vw, 1024px\" \/><\/figure>\n<\/div>\n<\/div>\n\n\n\n<h3 class=\"wp-block-heading\">Lauantai<\/h3>\n\n\n\n<div class=\"wp-block-columns is-layout-flex wp-container-corecolumns-is-layout-9d6595d7 wp-block-columns-is-layout-flex\">\n<div class=\"wp-block-column is-layout-flow wp-block-column-is-layout-flow\">\n<ul class=\"wp-block-list\">\n<li><strong>12:00<\/strong> kinkajut eli kierteish\u00e4nt\u00e4karhut pieness\u00e4 tropiikkitalossa<\/li>\n\n\n\n<li><strong>12:15<\/strong> senegalingalagot pieness\u00e4 tropiikkitalossa<\/li>\n\n\n\n<li><strong>13:00<\/strong> harmaahylkeet<\/li>\n\n\n\n<li><strong>14:00<\/strong> t\u00f6yht\u00f6tamariinit pieness\u00e4 tropiikkitalossa<\/li>\n\n\n\n<li><strong>14:30<\/strong> laiskiainen l\u00e4nsiportin aulassa<\/li>\n<\/ul>\n<\/div>\n\n\n\n<div class=\"wp-block-column is-layout-flow wp-block-column-is-layout-flow\">\n<figure class=\"wp-block-image size-large is-resized is-style-default\"><img loading=\"lazy\" decoding=\"async\" width=\"1024\" height=\"683\" src=\"https:\/\/tallinnzoo.ee\/wp-content\/uploads\/2022\/07\/unau-maitseb-porgandit_foto-Inari-Leiman-1024x683.jpg\" alt=\"\" class=\"wp-image-13914\" style=\"width:296px;height:196px\" srcset=\"https:\/\/tallinnzoo.webquer.ee\/wp-content\/uploads\/2022\/07\/unau-maitseb-porgandit_foto-Inari-Leiman-1024x683.jpg 1024w, https:\/\/tallinnzoo.webquer.ee\/wp-content\/uploads\/2022\/07\/unau-maitseb-porgandit_foto-Inari-Leiman-300x200.jpg 300w, https:\/\/tallinnzoo.webquer.ee\/wp-content\/uploads\/2022\/07\/unau-maitseb-porgandit_foto-Inari-Leiman-768x512.jpg 768w, https:\/\/tallinnzoo.webquer.ee\/wp-content\/uploads\/2022\/07\/unau-maitseb-porgandit_foto-Inari-Leiman-1536x1024.jpg 1536w, https:\/\/tallinnzoo.webquer.ee\/wp-content\/uploads\/2022\/07\/unau-maitseb-porgandit_foto-Inari-Leiman-600x400.jpg 600w, https:\/\/tallinnzoo.webquer.ee\/wp-content\/uploads\/2022\/07\/unau-maitseb-porgandit_foto-Inari-Leiman.jpg 1645w\" sizes=\"auto, (max-width: 1024px) 100vw, 1024px\" \/><\/figure>\n<\/div>\n<\/div>\n\n\n\n<h3 class=\"wp-block-heading\">Sunnuntai<\/h3>\n\n\n\n<div class=\"wp-block-columns is-layout-flex wp-container-corecolumns-is-layout-9d6595d7 wp-block-columns-is-layout-flex\">\n<div class=\"wp-block-column is-layout-flow wp-block-column-is-layout-flow\">\n<ul class=\"wp-block-list\">\n<li><strong>12:00<\/strong> kinkajut eli kierteish\u00e4nt\u00e4karhut pieness\u00e4 tropiikkitalossa<\/li>\n\n\n\n<li><strong>12:15<\/strong> senegalingalagot pieness\u00e4 tropiikkitalossa<\/li>\n\n\n\n<li><strong>13:00<\/strong> harmaahylkeet<\/li>\n\n\n\n<li><strong>13:15<\/strong> surikaatit norsutalossa<\/li>\n\n\n\n<li><strong>14:30<\/strong> laiskiainen l\u00e4nsiportin aulassa<\/li>\n<\/ul>\n<\/div>\n\n\n\n<div class=\"wp-block-column is-layout-flow wp-block-column-is-layout-flow\">\n<figure class=\"wp-block-image size-large is-resized is-style-default\"><img loading=\"lazy\" decoding=\"async\" width=\"1024\" height=\"683\" src=\"https:\/\/tallinnzoo.ee\/wp-content\/uploads\/2022\/05\/hallhuljes_Ilja-Matusihis-1024x683.jpg\" alt=\"\" class=\"wp-image-3165\" style=\"width:296px;height:196px\" srcset=\"https:\/\/tallinnzoo.webquer.ee\/wp-content\/uploads\/2022\/05\/hallhuljes_Ilja-Matusihis-1024x683.jpg 1024w, https:\/\/tallinnzoo.webquer.ee\/wp-content\/uploads\/2022\/05\/hallhuljes_Ilja-Matusihis-300x200.jpg 300w, https:\/\/tallinnzoo.webquer.ee\/wp-content\/uploads\/2022\/05\/hallhuljes_Ilja-Matusihis-768x512.jpg 768w, https:\/\/tallinnzoo.webquer.ee\/wp-content\/uploads\/2022\/05\/hallhuljes_Ilja-Matusihis-1536x1024.jpg 1536w, https:\/\/tallinnzoo.webquer.ee\/wp-content\/uploads\/2022\/05\/hallhuljes_Ilja-Matusihis-2048x1365.jpg 2048w, https:\/\/tallinnzoo.webquer.ee\/wp-content\/uploads\/2022\/05\/hallhuljes_Ilja-Matusihis-600x400.jpg 600w\" sizes=\"auto, (max-width: 1024px) 100vw, 1024px\" \/><\/figure>\n<\/div>\n<\/div>\n\n\n\n<hr class=\"wp-block-separator has-css-opacity\"\/>\n\n\n\n<p>Kyse on el\u00e4inten tavallisista ruokailuajoista, ei opastetuista ruokailutapahtumista. El\u00e4intenhoitajat eiv\u00e4t kerro el\u00e4inten ruokailutavoista niiden ruokinnan aikana.<\/p>\n","protected":false},"excerpt":{"rendered":"<p>El\u00e4intarhassa kiertely on mielenkiintoisinta lounasaikaan, kun suunnittelet reittisi asukkaidemme ruokailuaikojen mukaan. Tiistai Keskiviikko Torstai Perjantai Lauantai Sunnuntai Kyse on el\u00e4inten &#8230;<\/p>\n","protected":false},"author":4,"featured_media":22003,"parent":0,"menu_order":0,"comment_status":"closed","ping_status":"closed","template":"","meta":{"_acf_changed":false,"om_disable_all_campaigns":false,"inline_featured_image":false,"_uf_show_specific_survey":0,"_uf_disable_surveys":false,"footnotes":""},"class_list":["post-13118","page","type-page","status-publish","has-post-thumbnail","hentry"],"acf":[],"_links":{"self":[{"href":"https:\/\/tallinnzoo.webquer.ee\/fi\/wp-json\/wp\/v2\/pages\/13118","targetHints":{"allow":["GET"]}}],"collection":[{"href":"https:\/\/tallinnzoo.webquer.ee\/fi\/wp-json\/wp\/v2\/pages"}],"about":[{"href":"https:\/\/tallinnzoo.webquer.ee\/fi\/wp-json\/wp\/v2\/types\/page"}],"author":[{"embeddable":true,"href":"https:\/\/tallinnzoo.webquer.ee\/fi\/wp-json\/wp\/v2\/users\/4"}],"replies":[{"embeddable":true,"href":"https:\/\/tallinnzoo.webquer.ee\/fi\/wp-json\/wp\/v2\/comments?post=13118"}],"version-history":[{"count":0,"href":"https:\/\/tallinnzoo.webquer.ee\/fi\/wp-json\/wp\/v2\/pages\/13118\/revisions"}],"wp:featuredmedia":[{"embeddable":true,"href":"https:\/\/tallinnzoo.webquer.ee\/fi\/wp-json\/wp\/v2\/media\/22003"}],"wp:attachment":[{"href":"https:\/\/tallinnzoo.webquer.ee\/fi\/wp-json\/wp\/v2\/media?parent=13118"}],"curies":[{"name":"wp","href":"https:\/\/api.w.org\/{rel}","templated":true}]}}