{"id":13106,"date":"2022-04-28T16:37:57","date_gmt":"2022-04-28T13:37:57","guid":{"rendered":"https:\/\/tallinnzoo.ee\/opaskierrokset\/"},"modified":"2024-05-03T15:54:54","modified_gmt":"2024-05-03T12:54:54","slug":"opaskierrokset","status":"publish","type":"page","link":"https:\/\/tallinnzoo.webquer.ee\/fi\/opaskierrokset\/","title":{"rendered":"Kierrokset"},"content":{"rendered":"\n<div class=\"wp-block-columns is-layout-flex wp-container-corecolumns-is-layout-9d6595d7 wp-block-columns-is-layout-flex\">\n<div class=\"wp-block-column is-layout-flow wp-block-column-is-layout-flow\" style=\"flex-basis:100%\"><\/div>\n<\/div>\n\n\n\n<h2 class=\"wp-block-heading\">Yleiskierros<\/h2>\n\n\n\n<p>Yleiskierroksella tarkastellaan el\u00e4intarhan asukkeja yleisell\u00e4 tasolla, pys\u00e4htyen kauemmaksi aikaa harvinaisten el\u00e4inten luona. Yleiskierros kest\u00e4\u00e4 2 tuntia. Opastuksen hintaan lis\u00e4\u00e4ntyy lippujen hinta. P\u00e4\u00e4syliput opastetuille kierroksille saavat 10 % alennuksen.<\/p>\n\n\n\n<figure class=\"wp-block-table is-style-regular\"><table><thead><tr><th>Yleiskierros<\/th><th>Hinta (\u20ac)<\/th><\/tr><\/thead><tbody><tr><td>enint\u00e4\u00e4n 2 tuntia<\/td><td>102,00<\/td><\/tr><\/tbody><\/table><\/figure>\n\n\n\n<div style=\"height:25px\" aria-hidden=\"true\" class=\"wp-block-spacer\"><\/div>\n\n\n\n<h2 class=\"wp-block-heading\">Temaattinen kierros<\/h2>\n\n\n\n<p>Temaattinen kierros on tarkoitettu ensisijaisesti el\u00e4intieteest\u00e4 kiinnostuneille, jotka haluavat syventy\u00e4 tiettyyn aiheeseen tai laajentaa tiet\u00e4myst\u00e4\u00e4n jollakin kapeammalla alalla. Temaattisen kierroksen kesto on 1 tunti ja haluttaessa voi tilata lis\u00e4tunnin. Lipun hinta lis\u00e4t\u00e4\u00e4n kierrokseen hintaan. Kierroksen tilanneille tarjotaan lipuista 10 % hintaetu.<\/p>\n\n\n\n<figure class=\"wp-block-table is-style-regular\"><table><thead><tr><th>Temaattinen kierros<\/th><th>Hinta (\u20ac)<\/th><\/tr><\/thead><tbody><tr><td>1 tunti<\/td><td>82,00<\/td><\/tr><\/tbody><\/table><\/figure>\n\n\n\n<div style=\"height:25px\" aria-hidden=\"true\" class=\"wp-block-spacer\"><\/div>\n\n\n\n<h2 class=\"wp-block-heading\">Kierroksen tilaaminen<\/h2>\n\n\n\n<ul class=\"wp-block-list\">\n<li>Kun tilaat kierroksen, ilmoita aina osallistujien lukum\u00e4\u00e4r\u00e4. <strong>Ryhm\u00e4n maksimikoko on 25 henkil\u00f6\u00e4.<\/strong> Isompaa m\u00e4\u00e4r\u00e4\u00e4 varten on muodostettava useampi ryhm\u00e4.<\/li>\n\n\n\n<li>Kierroksen ajan ja p\u00e4iv\u00e4m\u00e4\u00e4r\u00e4n voi valita vapaasti \u2013 pyrimme l\u00f6yt\u00e4m\u00e4\u00e4n oppaan sinulle sopivana ajankohtana. Jos sinulla on oppaan osalta erityistoiveita, yrit\u00e4mme huomioida ne mahdollisuuksien mukaan.<\/li>\n\n\n\n<li>Kierroksia ei j\u00e4rjestet\u00e4 lastensuojelup\u00e4iv\u00e4n\u00e4, 1. kes\u00e4kuuta, ja el\u00e4intarhan syntym\u00e4p\u00e4iv\u00e4n\u00e4 25. elokuuta.<\/li>\n\n\n\n<li>Kierrokset alkavat yleens\u00e4 el\u00e4intarhan portilta \u2013Paldiski maanteen tai Ehitajate teen portilta. Huom! Pyyd\u00e4mme saapumaan paikalle v\u00e4hint\u00e4\u00e4n 10 minuuttia ennen kierroksen alkua ja ilmoittamaan kierroksesta kassalla. Kierroksen voi aloittaa vain kassojen aukioloaikoina.<\/li>\n\n\n\n<li>Tarjoamme t\u00e4ll\u00e4 hetkell\u00e4 kierroksia viroksi, ven\u00e4j\u00e4ksi, englanniksi, suomeksi, espanjaksi ja ranskaksi.<\/li>\n\n\n\n<li><strong>Pyyd\u00e4mme tilaamaan kierrokset v\u00e4hint\u00e4\u00e4n 10 p\u00e4iv\u00e4\u00e4 etuk\u00e4teen.<\/strong><\/li>\n\n\n\n<li>Kierroksen tilaamiseen on t\u00e4ytett\u00e4v\u00e4 <strong>alla oleva kierroksen tilauslomake<\/strong>. Lis\u00e4tietoja arkisin puh. +372 58835804 (englanniksi).<\/li>\n\n\n\n<li>K\u00e4yt\u00e4mme tietoja vain palvelun tarjoamiseen emmek\u00e4 siirr\u00e4 niit\u00e4 kolmansille osapuolille.<\/li>\n<\/ul>\n\n\n\n<figure class=\"wp-block-gallery has-nested-images columns-default is-cropped wp-block-gallery-1 is-layout-flex wp-block-gallery-is-layout-flex\">\n<figure class=\"wp-block-image size-large\"><a href=\"https:\/\/tallinnzoo.ee\/wp-content\/uploads\/2022\/04\/aafrika-elevant_Lembit-Michelson.jpg\"><img loading=\"lazy\" decoding=\"async\" width=\"1440\" height=\"959\" data-id=\"232\" src=\"https:\/\/tallinnzoo.ee\/wp-content\/uploads\/2022\/04\/aafrika-elevant_Lembit-Michelson.jpg\" alt=\"\" class=\"wp-image-232\" srcset=\"https:\/\/tallinnzoo.webquer.ee\/wp-content\/uploads\/2022\/04\/aafrika-elevant_Lembit-Michelson.jpg 1440w, https:\/\/tallinnzoo.webquer.ee\/wp-content\/uploads\/2022\/04\/aafrika-elevant_Lembit-Michelson-600x400.jpg 600w, https:\/\/tallinnzoo.webquer.ee\/wp-content\/uploads\/2022\/04\/aafrika-elevant_Lembit-Michelson-300x200.jpg 300w, https:\/\/tallinnzoo.webquer.ee\/wp-content\/uploads\/2022\/04\/aafrika-elevant_Lembit-Michelson-1024x682.jpg 1024w, https:\/\/tallinnzoo.webquer.ee\/wp-content\/uploads\/2022\/04\/aafrika-elevant_Lembit-Michelson-768x511.jpg 768w\" sizes=\"auto, (max-width: 1440px) 100vw, 1440px\" \/><\/a><\/figure>\n\n\n\n<figure class=\"wp-block-image size-large\"><a href=\"https:\/\/tallinnzoo.ee\/wp-content\/uploads\/2022\/04\/misc_kulastus_seeniorid_Rauno-Saidla.jpg\"><img loading=\"lazy\" decoding=\"async\" width=\"1144\" height=\"761\" data-id=\"231\" src=\"https:\/\/tallinnzoo.ee\/wp-content\/uploads\/2022\/04\/misc_kulastus_seeniorid_Rauno-Saidla.jpg\" alt=\"\" class=\"wp-image-231\" srcset=\"https:\/\/tallinnzoo.webquer.ee\/wp-content\/uploads\/2022\/04\/misc_kulastus_seeniorid_Rauno-Saidla.jpg 1144w, https:\/\/tallinnzoo.webquer.ee\/wp-content\/uploads\/2022\/04\/misc_kulastus_seeniorid_Rauno-Saidla-600x399.jpg 600w, https:\/\/tallinnzoo.webquer.ee\/wp-content\/uploads\/2022\/04\/misc_kulastus_seeniorid_Rauno-Saidla-300x200.jpg 300w, https:\/\/tallinnzoo.webquer.ee\/wp-content\/uploads\/2022\/04\/misc_kulastus_seeniorid_Rauno-Saidla-1024x681.jpg 1024w, https:\/\/tallinnzoo.webquer.ee\/wp-content\/uploads\/2022\/04\/misc_kulastus_seeniorid_Rauno-Saidla-768x511.jpg 768w\" sizes=\"auto, (max-width: 1144px) 100vw, 1144px\" \/><\/a><\/figure>\n\n\n\n<figure class=\"wp-block-image size-large\"><a href=\"https:\/\/tallinnzoo.ee\/wp-content\/uploads\/2022\/05\/przevalski-hobused-Ilja-Matusihis-scaled.jpg\"><img loading=\"lazy\" decoding=\"async\" width=\"2560\" height=\"1706\" data-id=\"803\" src=\"https:\/\/tallinnzoo.ee\/wp-content\/uploads\/2022\/05\/przevalski-hobused-Ilja-Matusihis-scaled.jpg\" alt=\"\" class=\"wp-image-803\" srcset=\"https:\/\/tallinnzoo.webquer.ee\/wp-content\/uploads\/2022\/05\/przevalski-hobused-Ilja-Matusihis-scaled.jpg 2560w, https:\/\/tallinnzoo.webquer.ee\/wp-content\/uploads\/2022\/05\/przevalski-hobused-Ilja-Matusihis-300x200.jpg 300w, https:\/\/tallinnzoo.webquer.ee\/wp-content\/uploads\/2022\/05\/przevalski-hobused-Ilja-Matusihis-1024x683.jpg 1024w, https:\/\/tallinnzoo.webquer.ee\/wp-content\/uploads\/2022\/05\/przevalski-hobused-Ilja-Matusihis-768x512.jpg 768w, https:\/\/tallinnzoo.webquer.ee\/wp-content\/uploads\/2022\/05\/przevalski-hobused-Ilja-Matusihis-1536x1024.jpg 1536w, https:\/\/tallinnzoo.webquer.ee\/wp-content\/uploads\/2022\/05\/przevalski-hobused-Ilja-Matusihis-2048x1365.jpg 2048w, https:\/\/tallinnzoo.webquer.ee\/wp-content\/uploads\/2022\/05\/przevalski-hobused-Ilja-Matusihis-600x400.jpg 600w\" sizes=\"auto, (max-width: 2560px) 100vw, 2560px\" \/><\/a><\/figure>\n\n\n\n<figure class=\"wp-block-image size-large\"><a href=\"https:\/\/tallinnzoo.ee\/wp-content\/uploads\/2022\/05\/sudaani-maasarvikud_Ilja-Matusihis-scaled.jpg\"><img loading=\"lazy\" decoding=\"async\" width=\"2560\" height=\"1707\" data-id=\"1274\" src=\"https:\/\/tallinnzoo.ee\/wp-content\/uploads\/2022\/05\/sudaani-maasarvikud_Ilja-Matusihis-scaled.jpg\" alt=\"\" class=\"wp-image-1274\" srcset=\"https:\/\/tallinnzoo.webquer.ee\/wp-content\/uploads\/2022\/05\/sudaani-maasarvikud_Ilja-Matusihis-scaled.jpg 2560w, https:\/\/tallinnzoo.webquer.ee\/wp-content\/uploads\/2022\/05\/sudaani-maasarvikud_Ilja-Matusihis-300x200.jpg 300w, https:\/\/tallinnzoo.webquer.ee\/wp-content\/uploads\/2022\/05\/sudaani-maasarvikud_Ilja-Matusihis-1024x683.jpg 1024w, https:\/\/tallinnzoo.webquer.ee\/wp-content\/uploads\/2022\/05\/sudaani-maasarvikud_Ilja-Matusihis-768x512.jpg 768w, https:\/\/tallinnzoo.webquer.ee\/wp-content\/uploads\/2022\/05\/sudaani-maasarvikud_Ilja-Matusihis-1536x1024.jpg 1536w, https:\/\/tallinnzoo.webquer.ee\/wp-content\/uploads\/2022\/05\/sudaani-maasarvikud_Ilja-Matusihis-2048x1365.jpg 2048w, https:\/\/tallinnzoo.webquer.ee\/wp-content\/uploads\/2022\/05\/sudaani-maasarvikud_Ilja-Matusihis-600x400.jpg 600w\" sizes=\"auto, (max-width: 2560px) 100vw, 2560px\" \/><\/a><\/figure>\n\n\n\n<figure class=\"wp-block-image size-large\"><a href=\"https:\/\/tallinnzoo.ee\/wp-content\/uploads\/2022\/04\/misc_-firmauritus_Rauno-Saidla.jpg\"><img decoding=\"async\" data-id=\"225\" src=\"https:\/\/tallinnzoo.ee\/wp-content\/uploads\/2022\/04\/misc_-firmauritus_Rauno-Saidla.jpg\" alt=\"\" class=\"wp-image-225\"\/><\/a><\/figure>\n<\/figure>\n\n\n<noscript class=\"ninja-forms-noscript-message\">\n\tHuomautus: JavaScript vaaditaan t\u00e4t\u00e4 sis\u00e4lt\u00f6\u00e4 varten.<\/noscript>\nThis form is currently undergoing maintenance. Please try again later.\n","protected":false},"excerpt":{"rendered":"<p>Yleiskierros Yleiskierroksella tarkastellaan el\u00e4intarhan asukkeja yleisell\u00e4 tasolla, pys\u00e4htyen kauemmaksi aikaa harvinaisten el\u00e4inten luona. Yleiskierros kest\u00e4\u00e4 2 tuntia. Opastuksen hintaan lis\u00e4\u00e4ntyy &#8230;<\/p>\n","protected":false},"author":3,"featured_media":396,"parent":0,"menu_order":0,"comment_status":"closed","ping_status":"closed","template":"","meta":{"_acf_changed":false,"om_disable_all_campaigns":false,"inline_featured_image":false,"_uf_show_specific_survey":0,"_uf_disable_surveys":false,"footnotes":""},"class_list":["post-13106","page","type-page","status-publish","has-post-thumbnail","hentry"],"acf":[],"_links":{"self":[{"href":"https:\/\/tallinnzoo.webquer.ee\/fi\/wp-json\/wp\/v2\/pages\/13106","targetHints":{"allow":["GET"]}}],"collection":[{"href":"https:\/\/tallinnzoo.webquer.ee\/fi\/wp-json\/wp\/v2\/pages"}],"about":[{"href":"https:\/\/tallinnzoo.webquer.ee\/fi\/wp-json\/wp\/v2\/types\/page"}],"author":[{"embeddable":true,"href":"https:\/\/tallinnzoo.webquer.ee\/fi\/wp-json\/wp\/v2\/users\/3"}],"replies":[{"embeddable":true,"href":"https:\/\/tallinnzoo.webquer.ee\/fi\/wp-json\/wp\/v2\/comments?post=13106"}],"version-history":[{"count":0,"href":"https:\/\/tallinnzoo.webquer.ee\/fi\/wp-json\/wp\/v2\/pages\/13106\/revisions"}],"wp:featuredmedia":[{"embeddable":true,"href":"https:\/\/tallinnzoo.webquer.ee\/fi\/wp-json\/wp\/v2\/media\/396"}],"wp:attachment":[{"href":"https:\/\/tallinnzoo.webquer.ee\/fi\/wp-json\/wp\/v2\/media?parent=13106"}],"curies":[{"name":"wp","href":"https:\/\/api.w.org\/{rel}","templated":true}]}}