{"id":13051,"date":"2022-05-18T13:10:51","date_gmt":"2022-05-18T10:10:51","guid":{"rendered":"https:\/\/tallinnzoo.ee\/aukioloajat-2\/"},"modified":"2025-02-11T15:19:55","modified_gmt":"2025-02-11T13:19:55","slug":"aukioloajat-2","status":"publish","type":"page","link":"https:\/\/tallinnzoo.webquer.ee\/fi\/aukioloajat-2\/","title":{"rendered":"Aukioloajat"},"content":{"rendered":"\n<h2 class=\"wp-block-heading\">Aukioloajat<\/h2>\n\n\n\n<figure class=\"wp-block-table\"><table><thead><tr><th class=\"has-text-align-center\" data-align=\"center\">Kausi<\/th><th class=\"has-text-align-center\" data-align=\"center\"><strong>El\u00e4intarha <\/strong><\/th><th class=\"has-text-align-center\" data-align=\"center\">Lippukassat ja sis\u00e4\u00e4np\u00e4\u00e4sy<\/th><th class=\"has-text-align-center\" data-align=\"center\">Sis\u00e4tilat<\/th><th class=\"has-text-align-center\" data-align=\"center\">Sademets\u00e4<\/th><th class=\"has-text-align-center\" data-align=\"center\">Lasten el\u00e4intarha<\/th><\/tr><\/thead><tbody><tr><td class=\"has-text-align-center\" data-align=\"center\"><strong>marras\u2013<\/strong><br><strong>helmikuu<\/strong><br><\/td><td class=\"has-text-align-center\" data-align=\"center\"><strong>9-17<\/strong><\/td><td class=\"has-text-align-center\" data-align=\"center\"><strong>9-16<\/strong><\/td><td class=\"has-text-align-center\" data-align=\"center\"><strong>Maanantaisin 11-16, <br>Ti-Su<\/strong> <strong>10-16<\/strong><\/td><td class=\"has-text-align-center\" data-align=\"center\"><strong>Maanantaisin 11-16<\/strong>, <br><strong>Ti-Su 10\u201316<\/strong>,<br><strong>sis\u00e4\u00e4np\u00e4\u00e4sy 15:30 asti<\/strong><\/td><td class=\"has-text-align-center\" data-align=\"center\"><strong>vuohien ulkoaitaus on auki <\/strong><br><strong>niin pitk\u00e4lle kuin mahdollista<br>sis\u00e4tilat 10 &#8211; 17<\/strong><\/td><\/tr><tr><td class=\"has-text-align-center\" data-align=\"center\">maalis\u2013<br>huhtikuu<\/td><td class=\"has-text-align-center\" data-align=\"center\">9-19<\/td><td class=\"has-text-align-center\" data-align=\"center\">9-17<\/td><td class=\"has-text-align-center\" data-align=\"center\">Maanantaisin 11-18, <br>Ti-Su 10-18<\/td><td class=\"has-text-align-center\" data-align=\"center\">Maanantaisin 11-18, <br>Ti-Su 10-18,<br>sis\u00e4\u00e4np\u00e4\u00e4sy 17:30 asti<br><\/td><td class=\"has-text-align-center\" data-align=\"center\">vuohien ulkoaitaus on auki <br>niin pitk\u00e4lle kuin mahdollista<br>sis\u00e4tilat 10 &#8211; 18<\/td><\/tr><tr><td class=\"has-text-align-center\" data-align=\"center\">touko-<br>elokuu<\/td><td class=\"has-text-align-center\" data-align=\"center\">9-20<\/td><td class=\"has-text-align-center\" data-align=\"center\">9-18<\/td><td class=\"has-text-align-center\" data-align=\"center\">Maanantaisin 11-19,<br>Ti-Su 10-19<\/td><td class=\"has-text-align-center\" data-align=\"center\">Maanantaisin 11-19,<br>Ti-su 10-19,<br>sis\u00e4\u00e4np\u00e4\u00e4sy klo 18:30 asti<\/td><td class=\"has-text-align-center\" data-align=\"center\">vuohien ulkoaitaus 10 &#8211; 18<br>sis\u00e4tilat 10 &#8211; 19<\/td><\/tr><tr><td class=\"has-text-align-center\" data-align=\"center\">syys-<br>lokaku<\/td><td class=\"has-text-align-center\" data-align=\"center\">9-19<\/td><td class=\"has-text-align-center\" data-align=\"center\">9-17<\/td><td class=\"has-text-align-center\" data-align=\"center\">Maanantaisin 11-18, <br>Ti-Su 10-18<\/td><td class=\"has-text-align-center\" data-align=\"center\">Maanantaisin 11-18, <br>Ti-Su 10-18, <br>sis\u00e4\u00e4np\u00e4\u00e4sy 17:30 asti<\/td><td class=\"has-text-align-center\" data-align=\"center\">vuohien ulkoaitaus on auki <br>niin pitk\u00e4lle <br>kuin mahdollistasis\u00e4tilat 10 &#8211; 18<\/td><\/tr><\/tbody><\/table><\/figure>\n\n\n\n<div style=\"height:15px\" aria-hidden=\"true\" class=\"wp-block-spacer\"><\/div>\n\n\n\n<h2 class=\"wp-block-heading\">Lahjakauppa<\/h2>\n\n\n\n<div class=\"wp-block-kevinbatdorf-animate-in-view\" animatein=\"animate-in-view\" enabled=\"0\" once=\"1\" direction=\"1\" threshold=\"1\" timing=\"1\" offset=\"2rem\">\n<figure class=\"wp-block-table\"><table><thead><tr><th>Kausi<\/th><th><\/th><\/tr><\/thead><tbody><tr><td><strong>marras-helmikuu<\/strong><\/td><td><strong>M suljettu (avata 17.02 ja 24.02), T-P 11-16, viikonloppuna<\/strong> <strong>10.30-16.30<\/strong><\/td><\/tr><tr><td>maaliskuu-huhtikuu<\/td><td>10 &#8211; 17<\/td><\/tr><tr><td>touko-elokuu<\/td><td>10 &#8211; 19<\/td><\/tr><tr><td>syys-lokakuu <\/td><td>10 &#8211; 18<\/td><\/tr><\/tbody><\/table><\/figure>\n<\/div>\n\n\n\n<p><strong>Lahjakauppa<\/strong> sijaitsee l\u00e4nsiportin (A) ymp\u00e4risuojelukeskuksen 0-kerroksessa ulosk\u00e4ynnin vieress\u00e4. <\/p>\n","protected":false},"excerpt":{"rendered":"<p>Aukioloajat Kausi El\u00e4intarha Lippukassat ja sis\u00e4\u00e4np\u00e4\u00e4sy Sis\u00e4tilat Sademets\u00e4 Lasten el\u00e4intarha marras\u2013helmikuu 9-17 9-16 Maanantaisin 11-16, Ti-Su 10-16 Maanantaisin 11-16, Ti-Su &#8230;<\/p>\n","protected":false},"author":2,"featured_media":7706,"parent":0,"menu_order":0,"comment_status":"closed","ping_status":"closed","template":"","meta":{"_acf_changed":false,"om_disable_all_campaigns":false,"inline_featured_image":false,"_uf_show_specific_survey":0,"_uf_disable_surveys":false,"footnotes":""},"class_list":["post-13051","page","type-page","status-publish","has-post-thumbnail","hentry"],"acf":[],"_links":{"self":[{"href":"https:\/\/tallinnzoo.webquer.ee\/fi\/wp-json\/wp\/v2\/pages\/13051","targetHints":{"allow":["GET"]}}],"collection":[{"href":"https:\/\/tallinnzoo.webquer.ee\/fi\/wp-json\/wp\/v2\/pages"}],"about":[{"href":"https:\/\/tallinnzoo.webquer.ee\/fi\/wp-json\/wp\/v2\/types\/page"}],"author":[{"embeddable":true,"href":"https:\/\/tallinnzoo.webquer.ee\/fi\/wp-json\/wp\/v2\/users\/2"}],"replies":[{"embeddable":true,"href":"https:\/\/tallinnzoo.webquer.ee\/fi\/wp-json\/wp\/v2\/comments?post=13051"}],"version-history":[{"count":0,"href":"https:\/\/tallinnzoo.webquer.ee\/fi\/wp-json\/wp\/v2\/pages\/13051\/revisions"}],"wp:featuredmedia":[{"embeddable":true,"href":"https:\/\/tallinnzoo.webquer.ee\/fi\/wp-json\/wp\/v2\/media\/7706"}],"wp:attachment":[{"href":"https:\/\/tallinnzoo.webquer.ee\/fi\/wp-json\/wp\/v2\/media?parent=13051"}],"curies":[{"name":"wp","href":"https:\/\/api.w.org\/{rel}","templated":true}]}}