{"id":13037,"date":"2022-05-20T15:39:37","date_gmt":"2022-05-20T12:39:37","guid":{"rendered":"https:\/\/tallinnzoo.ee\/osta-e-lippu\/lippuhinnat\/"},"modified":"2024-11-29T14:54:34","modified_gmt":"2024-11-29T12:54:34","slug":"lippuhinnat","status":"publish","type":"page","link":"https:\/\/tallinnzoo.webquer.ee\/fi\/osta-e-lippu\/lippuhinnat\/","title":{"rendered":"Lippuhinnat"},"content":{"rendered":"\n<h2 class=\"wp-block-heading\">Talvikausi<\/h2>\n\n\n\n<figure class=\"wp-block-table is-style-regular\"><table><thead><tr><th class=\"has-text-align-left\" data-align=\"left\">1. lokakuusta &#8211; 30. huhtikuuhun <\/th><th class=\"has-text-align-center\" data-align=\"center\"><\/th><th class=\"has-text-align-center\" data-align=\"center\"><strong>Lippuhinta (\u20ac)<\/strong><\/th><th class=\"has-text-align-center\" data-align=\"center\"><\/th><\/tr><\/thead><tbody><tr><td class=\"has-text-align-left\" data-align=\"left\"><\/td><td class=\"has-text-align-center\" data-align=\"center\">Kertalippu<\/td><td class=\"has-text-align-center\" data-align=\"center\">Kuukausikortti<\/td><td class=\"has-text-align-center\" data-align=\"center\">Vuosikortti<\/td><\/tr><tr><td class=\"has-text-align-left\" data-align=\"left\">Aikuinen<\/td><td class=\"has-text-align-center\" data-align=\"center\"><br><strong>9.20* \/ 8.20<\/strong><\/td><td class=\"has-text-align-center\" data-align=\"center\"><br><strong>21<\/strong><\/td><td class=\"has-text-align-center\" data-align=\"center\"><br><strong>61<\/strong><\/td><\/tr><tr><td class=\"has-text-align-left\" data-align=\"left\">Alennuslippu (koululaiset, opiskelijat, el\u00e4kel\u00e4iset, kassalla tulee n\u00e4ytt\u00e4\u00e4 asianmukaista todistusta)<\/td><td class=\"has-text-align-center\" data-align=\"center\"><br><strong>6.10* \/ 5.10<\/strong><\/td><td class=\"has-text-align-center\" data-align=\"center\"><br><strong>11<\/strong><\/td><td class=\"has-text-align-center\" data-align=\"center\"><br><strong>31<\/strong><\/td><\/tr><tr><td class=\"has-text-align-left\" data-align=\"left\">Esikouluik\u00e4inen lapsi lipun ostaneen aikuisen kanssa<\/td><td class=\"has-text-align-center\" data-align=\"center\">ilmaiseksi<\/td><td class=\"has-text-align-center\" data-align=\"center\"><\/td><td class=\"has-text-align-center\" data-align=\"center\"><\/td><\/tr><tr><td class=\"has-text-align-left\" data-align=\"left\">Perhelippu (korkeintaan 2 aikuista ja heid\u00e4n alle 20-vuotiaat lapset)<\/td><td class=\"has-text-align-center\" data-align=\"center\"><br><strong>22* \/ 21<\/strong><\/td><td class=\"has-text-align-center\" data-align=\"center\"><br><strong>41<\/strong><\/td><td class=\"has-text-align-center\" data-align=\"center\"><br><strong>122<\/strong><\/td><\/tr><tr><td class=\"has-text-align-left\" data-align=\"left\">Yhteinen perhelippu Viron ulkoilmamuseon ja Tallinnan el\u00e4intarhaan 29.09.-22.04.<\/td><td class=\"has-text-align-center\" data-align=\"center\"><strong>40<\/strong><\/td><td class=\"has-text-align-center\" data-align=\"center\"><\/td><td class=\"has-text-align-center\" data-align=\"center\"><strong>170<\/strong><\/td><\/tr><\/tbody><\/table><figcaption class=\"wp-element-caption\">* Sis\u00e4lt\u00e4\u00e4 <strong>1 euron vapaaehtoisen lahjoituksen<\/strong> manulin ja sumatran sarvikuonon suojelun tukemiseen luonnossa. <\/figcaption><\/figure>\n\n\n\n<p><strong>Kaikille alle 19-vuotiaille on talvikaudella vapaa p\u00e4\u00e4sy el\u00e4intarhaan<\/strong> joka kuun toisella lauantaina lokakuusta huhtikuuhun: <strong>12.10.2024, 9.11.2024, 14.12.2024.<\/strong><\/p>\n\n\n\n<h2 class=\"wp-block-heading\">Kes\u00e4kausi<\/h2>\n\n\n\n<figure class=\"wp-block-table is-style-regular\"><table><thead><tr><th class=\"has-text-align-left\" data-align=\"left\">1. toukokuusta &#8211; 30. syyskuuhun<\/th><th class=\"has-text-align-center\" data-align=\"center\"><\/th><th class=\"has-text-align-center\" data-align=\"center\"><strong>Lippuhinta (\u20ac)<\/strong><\/th><th class=\"has-text-align-center\" data-align=\"center\"><\/th><\/tr><\/thead><tbody><tr><td class=\"has-text-align-left\" data-align=\"left\"><\/td><td class=\"has-text-align-center\" data-align=\"center\"><strong>Kertalippu<\/strong><\/td><td class=\"has-text-align-center\" data-align=\"center\"><strong>Kuukausikortti<\/strong><\/td><td class=\"has-text-align-center\" data-align=\"center\"><strong>Vuosikortti<\/strong><\/td><\/tr><tr><td class=\"has-text-align-left\" data-align=\"left\">Aikuinen<\/td><td class=\"has-text-align-center\" data-align=\"center\"><br><strong>15.30* \/ 14.30<\/strong><\/td><td class=\"has-text-align-center\" data-align=\"center\"><br><strong>36<\/strong><\/td><td class=\"has-text-align-center\" data-align=\"center\"><br><strong>61<\/strong><\/td><\/tr><tr><td class=\"has-text-align-left\" data-align=\"left\">Alennuslippu (koululaiset, opiskelijat, el\u00e4kel\u00e4iset, kassalla tulee n\u00e4ytt\u00e4\u00e4 asianmukaista todistusta)<\/td><td class=\"has-text-align-center\" data-align=\"center\"><br><strong>9.20* \/ 8.20<\/strong><\/td><td class=\"has-text-align-center\" data-align=\"center\"><br><strong>21<\/strong><\/td><td class=\"has-text-align-center\" data-align=\"center\"><br><strong>31<\/strong><\/td><\/tr><tr><td class=\"has-text-align-left\" data-align=\"left\">Esikouluik\u00e4inen lapsi lipun ostaneen aikuisen kanssa<\/td><td class=\"has-text-align-center\" data-align=\"center\"><strong>ilmaiseksi<\/strong><\/td><td class=\"has-text-align-center\" data-align=\"center\"><\/td><td class=\"has-text-align-center\" data-align=\"center\"><\/td><\/tr><tr><td class=\"has-text-align-left\" data-align=\"left\">Perhelippu (korkeintaan 2 aikuista ja heid\u00e4n alle 20-vuotiaat lapset)<\/td><td class=\"has-text-align-center\" data-align=\"center\"><br><strong>32* \/ 31<\/strong><\/td><td class=\"has-text-align-center\" data-align=\"center\"><br><strong>61<\/strong><\/td><td class=\"has-text-align-center\" data-align=\"center\"><br><strong>122<\/strong><\/td><\/tr><tr><td class=\"has-text-align-left\" data-align=\"left\">Yhteinen perhelippu Viron ulkoilmamuseon ja Tallinnan el\u00e4intarhaan<\/td><td class=\"has-text-align-center\" data-align=\"center\"><\/td><td class=\"has-text-align-center\" data-align=\"center\"><\/td><td class=\"has-text-align-center\" data-align=\"center\"><strong>170<\/strong><\/td><\/tr><\/tbody><\/table><figcaption class=\"wp-element-caption\">* Sis\u00e4lt\u00e4\u00e4 <strong>1 euron vapaaehtoisen lahjoituksen<\/strong> manulin ja sumatran sarvikuonon suojelun tukemiseen luonnossa. <\/figcaption><\/figure>\n\n\n\n<p><strong>El\u00e4intarhaan on vapaa p\u00e4\u00e4sy <strong>alle 19-vuotiaille<\/strong> 23.08., 25.08.<\/strong><\/p>\n\n\n\n<div style=\"height:43px\" aria-hidden=\"true\" class=\"wp-block-spacer\"><\/div>\n\n\n\n<h3 class=\"wp-block-heading\">Tallinnan el\u00e4intarhan lahjakortit<\/h3>\n\n\n\n<div class=\"wp-block-group is-layout-flow wp-block-group-is-layout-flow\">\n<figure class=\"wp-block-table\"><table><thead><tr><th class=\"has-text-align-left\" data-align=\"left\">Lahjakortti<\/th><th class=\"has-text-align-center\" data-align=\"center\">Hinta (\u20ac)<\/th><\/tr><\/thead><tbody><tr><td class=\"has-text-align-left\" data-align=\"left\">Aikuinen<\/td><td class=\"has-text-align-center\" data-align=\"center\"><br><strong>14.30<\/strong><\/td><\/tr><tr><td class=\"has-text-align-left\" data-align=\"left\">Alennuslippu (koululaiset, opiskelijat, el\u00e4kel\u00e4iset, kassalla tulee n\u00e4ytt\u00e4\u00e4 asianmukaista todistusta)<\/td><td class=\"has-text-align-center\" data-align=\"center\"><br><strong>8.20<\/strong><\/td><\/tr><tr><td class=\"has-text-align-left\" data-align=\"left\">Perhe (korkeintaan 2 aikuista ja heid\u00e4n alle 20-vuotiaat lapset)<\/td><td class=\"has-text-align-center\" data-align=\"center\"><br><strong>31<\/strong><\/td><\/tr><\/tbody><\/table><\/figure>\n<\/div>\n\n\n\n<div style=\"height:35px\" aria-hidden=\"true\" class=\"wp-block-spacer\"><\/div>\n\n\n\n<h3 class=\"wp-block-heading\">El\u00e4intarhassa saavat vierailla ilmaiseksi<\/h3>\n\n\n\n<ul class=\"wp-block-list\">\n<li>Esikoululaiset \u2013 lipun ostaneen vanhemman kanssa.<\/li>\n\n\n\n<li>Mediakortin omistajat (ty\u00f6teht\u00e4vien aikana).<\/li>\n\n\n\n<li>Muiden el\u00e4intarhojen henkil\u00f6st\u00f6.<\/li>\n\n\n\n<li>Vammaiset lapset (alle 17 v) ja heid\u00e4n tukihenkil\u00f6, asianmukaista todistusta n\u00e4ytt\u00e4m\u00e4ll\u00e4.<\/li>\n\n\n\n<li>Syv\u00e4sti tai vaikeasti vammaiset aikuiset (yli 16 v) ja heid\u00e4n tukihenkil\u00f6, asianmukaista todistusta n\u00e4ytt\u00e4m\u00e4ll\u00e4.<\/li>\n\n\n\n<li>Ty\u00f6kyvytt\u00f6myysel\u00e4kel\u00e4iset henkil\u00f6t asianmukaista todistusta n\u00e4ytt\u00e4m\u00e4ll\u00e4 (esimerkiksi el\u00e4ketodistusta).<\/li>\n<\/ul>\n\n\n\n<div style=\"height:35px\" aria-hidden=\"true\" class=\"wp-block-spacer\"><\/div>\n\n\n\n<h3 class=\"wp-block-heading\">Tallinn Card<\/h3>\n\n\n\n<p><strong>Tallinn Card<\/strong>illa vierailet el\u00e4intarhaa ilmaiseksi. <a href=\"https:\/\/www.visittallinn.ee\/fin\/matkailija\/tallinn-card\/tallinn-card\/mik%C3%A4-on-tallinn-card?gclid=EAIaIQobChMI3qjps53f-AIVJQWiAx2Njgh5EAAYASAAEgIjt_D_BwE\">Lue enemm\u00e4n.<\/a><\/p>\n","protected":false},"excerpt":{"rendered":"<p>Talvikausi 1. lokakuusta &#8211; 30. huhtikuuhun Lippuhinta (\u20ac) Kertalippu Kuukausikortti Vuosikortti Aikuinen 9.20* \/ 8.20 21 61 Alennuslippu (koululaiset, opiskelijat, &#8230;<\/p>\n","protected":false},"author":3,"featured_media":23649,"parent":13027,"menu_order":0,"comment_status":"closed","ping_status":"closed","template":"","meta":{"_acf_changed":false,"om_disable_all_campaigns":false,"inline_featured_image":false,"_uf_show_specific_survey":0,"_uf_disable_surveys":false,"footnotes":""},"class_list":["post-13037","page","type-page","status-publish","has-post-thumbnail","hentry"],"acf":[],"_links":{"self":[{"href":"https:\/\/tallinnzoo.webquer.ee\/fi\/wp-json\/wp\/v2\/pages\/13037","targetHints":{"allow":["GET"]}}],"collection":[{"href":"https:\/\/tallinnzoo.webquer.ee\/fi\/wp-json\/wp\/v2\/pages"}],"about":[{"href":"https:\/\/tallinnzoo.webquer.ee\/fi\/wp-json\/wp\/v2\/types\/page"}],"author":[{"embeddable":true,"href":"https:\/\/tallinnzoo.webquer.ee\/fi\/wp-json\/wp\/v2\/users\/3"}],"replies":[{"embeddable":true,"href":"https:\/\/tallinnzoo.webquer.ee\/fi\/wp-json\/wp\/v2\/comments?post=13037"}],"version-history":[{"count":0,"href":"https:\/\/tallinnzoo.webquer.ee\/fi\/wp-json\/wp\/v2\/pages\/13037\/revisions"}],"up":[{"embeddable":true,"href":"https:\/\/tallinnzoo.webquer.ee\/fi\/wp-json\/wp\/v2\/pages\/13027"}],"wp:featuredmedia":[{"embeddable":true,"href":"https:\/\/tallinnzoo.webquer.ee\/fi\/wp-json\/wp\/v2\/media\/23649"}],"wp:attachment":[{"href":"https:\/\/tallinnzoo.webquer.ee\/fi\/wp-json\/wp\/v2\/media?parent=13037"}],"curies":[{"name":"wp","href":"https:\/\/api.w.org\/{rel}","templated":true}]}}