{"id":12452,"date":"2022-04-28T15:58:14","date_gmt":"2022-04-28T12:58:14","guid":{"rendered":"https:\/\/tallinnzoo.ee\/avaleht\/"},"modified":"2024-11-04T16:32:23","modified_gmt":"2024-11-04T14:32:23","slug":"avaleht","status":"publish","type":"page","link":"https:\/\/tallinnzoo.webquer.ee\/fi\/","title":{"rendered":"Etusivu"},"content":{"rendered":"<style>\n  .hero-warning.no-after::after {\n    display: none !important;\n  }\n<\/style>\n<section class=\"hero-slider-section wide-section\">\n  <div class=\"wide-section__inner\">\n    <h2 class=\"sr-only\">Hero slider section<\/h2>\n              <div class=\"hero-slider\">\n                            <div class=\"hero-slide\" style=\"background-image: url(https:\/\/tallinnzoo.webquer.ee\/wp-content\/uploads\/2022\/06\/simpansid_Karl-Tammiste-scaled-e1655814055438.jpg); background-position: 50% 50%;\">\n            <div class=\"container h-100\">\n              <div class=\"row h-100\">\n                <div class=\"col-lg-8 col-xl-6 d-flex align-items-end d-md-block\">\n                  <div class=\"hero-slide__content\">\n                    \n                    <h3 class=\"h1 mb-1 mb-md-2\" style=\"color: var(--white)\">Tervetuloa harvinaiseen maailmaan!<\/h3>\n\n                                          <div class=\"hero-slide__description\" style=\"color: var(--white)\">\n                        <p>Edustettuina on yli 350 el\u00e4inlajia, joista 47 on uhanalaisia. Vierailemalla Tallinnan el\u00e4intarhassa tuet maailman lajirikkauden s\u00e4ilymist\u00e4.<\/p>\n\n                      <\/div>\n                    \n                                          <div class=\"hero-slide__buttons\">\n                                                  <a href=\"https:\/\/tallinnzoo.ee\/fi\/osta-e-lippu\/\" target=\"_self\" class=\"btn btn-primary btn-lg\">Osta e-lippu<\/a>\n                                                                      <\/div>\n                                      <\/div>\n                <\/div>\n              <\/div>\n            <\/div>\n          <\/div>\n                            <div class=\"hero-slide\" style=\"background-image: url(https:\/\/tallinnzoo.webquer.ee\/wp-content\/uploads\/2023\/05\/Kodulehe-banner_1900x680-2.png); background-position: 50% 50%;\">\n            <div class=\"container h-100\">\n              <div class=\"row h-100\">\n                <div class=\"col-lg-8 col-xl-6 d-flex align-items-end d-md-block\">\n                  <div class=\"hero-slide__content\">\n                    \n                    <h3 class=\"h1 mb-1 mb-md-2\" style=\"color: var(--white)\">Kaakkois-Aasian sademets\u00e4<\/h3>\n\n                    \n                                          <div class=\"hero-slide__buttons\">\n                                                                          <a href=\"https:\/\/tallinnzoo.ee\/fi\/kaakkois-aasian-sademetsa\/\" target=\"_self\" class=\"btn btn-link btn-icon btn-lg\">Lue lis\u00e4\u00e4<\/a>\n                                              <\/div>\n                                      <\/div>\n                <\/div>\n              <\/div>\n            <\/div>\n          <\/div>\n              <\/div>\n      <\/div>\n<\/section>\n\n\n<section class=\"zoo-info-section wide-section\">\n  <div class=\"wide-section__inner\">\n    <h2 class=\"sr-only\">El\u00e4intarhan tiedot<\/h2>\n    <div class=\"container\">\n      <div class=\"zoo-info\">\n  <div class=\"row\">\n    <div class=\"col px-md-4\">\n      <div class=\"zoo-info__col-1\">\n        \n        <h3 class=\"icon-title icon-title--clock\">Aukioloajat<\/h3>\n\n                  <ul class=\"zoo-info__opening-hours\">\n                          <li>Lipunmyynti ja sis\u00e4\u00e4np\u00e4\u00e4sy <span>9-16<\/span><\/li>\n                          <li>El\u00e4intarha <span>9-17<\/span><\/li>\n                          <li>Sis\u00e4tilat, ml Sademets\u00e4 <span> Ma 11-16, Ti-Su 10-16<\/span><\/li>\n                          <li>Sademets\u00e4n sis\u00e4\u00e4np\u00e4\u00e4sy <span>15:30 asti<\/span><\/li>\n                          <li>Lasten el\u00e4intarha (sis\u00e4tila) <span>10-17<\/span><\/li>\n                      <\/ul>\n        \n              <\/div>\n    <\/div>\n    <div class=\"col px-md-4 col-middle\">\n      <div class=\"zoo-info__col-2\">\n        \n        <h3 class=\"icon-title icon-title--pin\">Saapuminen<\/h3>\n\n        <ul class=\"zoo-directions\">\n                      <li class=\"zoo-directions__item zoo-directions__item--bus\">\n              <a href=\"https:\/\/www.google.com\/maps\/dir\/\/Paldiski+mnt+145,+13522+Tallinn\/@59.4256823,24.6546615,16z\/data=!3m1!4b1!4m9!4m8!1m0!1m5!1m1!1s0x46929440588ce899:0x8895976d0c2b8ef1!2m2!1d24.6590389!2d59.4256824!3e3\" class=\"btn\" target=\"_blank\">Bussi<\/a>\n            <\/li>\n          \n                      <li class=\"zoo-directions__item zoo-directions__item--car\">\n              <a href=\"https:\/\/www.google.com\/maps\/dir\/\/Paldiski+mnt+145,+13522+Tallinn\/@59.4256878,24.6546615,16z\/data=!4m9!4m8!1m0!1m5!1m1!1s0x46929440588ce899:0x8895976d0c2b8ef1!2m2!1d24.6590389!2d59.4256824!3e0\" class=\"btn\" target=\"_blank\">Auto<\/a>\n            <\/li>\n          \n                      <li class=\"zoo-directions__item zoo-directions__item--bicycle\">\n              <a href=\"https:\/\/www.google.com\/maps\/dir\/\/Paldiski+mnt+145,+13522+Tallinn\/@59.4256823,24.6546615,16z\/data=!3m1!4b1!4m9!4m8!1m0!1m5!1m1!1s0x46929440588ce899:0x8895976d0c2b8ef1!2m2!1d24.6590389!2d59.4256824!3e1\" class=\"btn\" target=\"_blank\">Py\u00f6r\u00e4<\/a>\n            <\/li>\n                  <\/ul>\n\n                  <ul class=\"list-unstyled mb-0\">\n                          <li>\n                <a href=\"https:\/\/www.google.com\/maps\/place\/Paldiski+mnt+145,+13522+Tallinn\/@59.4256824,24.6590389,17z\/data=!3m1!4b1!4m5!3m4!1s0x46929440588ce899:0x8895976d0c2b8ef1!8m2!3d59.4256824!4d24.6590389\" class=\"btn btn-link btn-icon\" target=\"_self\">Googlen kartta (Pohjoisportti)<\/a>\n              <\/li>\n                          <li>\n                <a href=\"https:\/\/www.google.com\/maps\/place\/Ehitajate+tee+150,+13517+Tallinn\/@59.4173185,24.6554894,17z\/data=!3m1!4b1!4m5!3m4!1s0x46929446079506a5:0x35a35e55a89b9667!8m2!3d59.4173158!4d24.6576781?shorturl=1\" class=\"btn btn-link btn-icon\" target=\"_self\">Googlen kartta (L\u00e4nsiportti)<\/a>\n              <\/li>\n                          <li>\n                <a href=\"https:\/\/tallinnzoo.ee\/fi\/saapuminen-ja-pysakointi\/\" class=\"btn btn-link btn-icon\" target=\"_self\">Pys\u00e4k\u00f6inti<\/a>\n              <\/li>\n                      <\/ul>\n              <\/div>\n    <\/div>\n    <div class=\"col px-md-4\">\n      <div class=\"zoo-info__col-3\">\n        \n        <h3 class=\"icon-title icon-title--map\">Kartta<\/h3>\n\n                  <img loading=\"lazy\" decoding=\"async\" width=\"1\" height=\"1\" src=\"https:\/\/tallinnzoo.webquer.ee\/wp-content\/uploads\/2022\/06\/inglise.svg\" class=\"img-fluid mb-2 w-100\" alt=\"\" \/>\n        \n                  <a href=\"https:\/\/tallinnzoo.ee\/fi\/kartta\/\" class=\"btn btn-link btn-icon\" target=\"_blank\">El\u00e4intarhan kartta<\/a>\n              <\/div>\n    <\/div>\n  <\/div>\n<\/div>\n\n    <\/div>\n    <img loading=\"lazy\" decoding=\"async\" src=\"https:\/\/tallinnzoo.webquer.ee\/wp-content\/themes\/loomaaed\/dist\/images\/bat_e57f039f.svg\" class=\"zoo-info-section__bat\" alt=\"Kuva\" width=\"106\" height=\"323\">\n  <\/div>\n<\/section>\n\n\n<section class=\"pages-list-section wide-section\">\n  <div class=\"wide-section__inner\">\n    <img loading=\"lazy\" decoding=\"async\" src=\"https:\/\/tallinnzoo.webquer.ee\/wp-content\/themes\/loomaaed\/dist\/images\/plants-2_eee20718.svg\" class=\"pages-list-section__illustration\" alt=\"Kuva\" width=\"94\" height=\"426\">\n    <div class=\"container\">\n      <div class=\"pages-list-section__header\">\n        <h2 class=\"mr-2 mb-0\">Rikastuttaa el\u00e4intarhakokemustasi<\/h2>\n\n              <\/div>\n              <div class=\"pages-list-slider\">\n                      \n            <div class=\"pages-list-slider__slide\">\n              <a href=\"https:\/\/tallinnzoo.webquer.ee\/fi\/opaskierrokset\/\" class=\"page-card page-card--1\">\n                                  <img loading=\"lazy\" decoding=\"async\" width=\"1024\" height=\"682\" src=\"https:\/\/tallinnzoo.webquer.ee\/wp-content\/uploads\/2022\/04\/misc_-firmauritus_Rauno-Saidla-1024x682.jpg\" class=\"img-fluid page-card__img wp-post-image\" alt=\"\" srcset=\"https:\/\/tallinnzoo.webquer.ee\/wp-content\/uploads\/2022\/04\/misc_-firmauritus_Rauno-Saidla-1024x682.jpg 1024w, https:\/\/tallinnzoo.webquer.ee\/wp-content\/uploads\/2022\/04\/misc_-firmauritus_Rauno-Saidla-600x400.jpg 600w, https:\/\/tallinnzoo.webquer.ee\/wp-content\/uploads\/2022\/04\/misc_-firmauritus_Rauno-Saidla-300x200.jpg 300w, https:\/\/tallinnzoo.webquer.ee\/wp-content\/uploads\/2022\/04\/misc_-firmauritus_Rauno-Saidla-768x511.jpg 768w, https:\/\/tallinnzoo.webquer.ee\/wp-content\/uploads\/2022\/04\/misc_-firmauritus_Rauno-Saidla.jpg 1440w\" sizes=\"auto, (max-width: 1024px) 100vw, 1024px\" \/>\n                                \n                <h3 class=\"page-card__title\">Kierrokset<\/h3>\n              <\/a>\n            <\/div>\n                      \n            <div class=\"pages-list-slider__slide\">\n              <a href=\"https:\/\/tallinnzoo.webquer.ee\/fi\/elainten-ruokailuajat\/\" class=\"page-card page-card--2\">\n                                  <img loading=\"lazy\" decoding=\"async\" width=\"1024\" height=\"683\" src=\"https:\/\/tallinnzoo.webquer.ee\/wp-content\/uploads\/2023\/04\/surikaatide-munapuhad_foto-Inari-Leiman-1024x683.jpg\" class=\"img-fluid page-card__img wp-post-image\" alt=\"\" srcset=\"https:\/\/tallinnzoo.webquer.ee\/wp-content\/uploads\/2023\/04\/surikaatide-munapuhad_foto-Inari-Leiman-1024x683.jpg 1024w, https:\/\/tallinnzoo.webquer.ee\/wp-content\/uploads\/2023\/04\/surikaatide-munapuhad_foto-Inari-Leiman-300x200.jpg 300w, https:\/\/tallinnzoo.webquer.ee\/wp-content\/uploads\/2023\/04\/surikaatide-munapuhad_foto-Inari-Leiman-768x512.jpg 768w, https:\/\/tallinnzoo.webquer.ee\/wp-content\/uploads\/2023\/04\/surikaatide-munapuhad_foto-Inari-Leiman-1536x1024.jpg 1536w, https:\/\/tallinnzoo.webquer.ee\/wp-content\/uploads\/2023\/04\/surikaatide-munapuhad_foto-Inari-Leiman-600x400.jpg 600w, https:\/\/tallinnzoo.webquer.ee\/wp-content\/uploads\/2023\/04\/surikaatide-munapuhad_foto-Inari-Leiman.jpg 1771w\" sizes=\"auto, (max-width: 1024px) 100vw, 1024px\" \/>\n                                \n                <h3 class=\"page-card__title\">El\u00e4inten ruokailuajat<\/h3>\n              <\/a>\n            <\/div>\n                      \n            <div class=\"pages-list-slider__slide\">\n              <a href=\"https:\/\/tallinnzoo.webquer.ee\/fi\/lasten-elaintarha\/\" class=\"page-card page-card--3\">\n                                  <img loading=\"lazy\" decoding=\"async\" width=\"1024\" height=\"682\" src=\"https:\/\/tallinnzoo.webquer.ee\/wp-content\/uploads\/2023\/06\/oinas-Salava-uurib-uut-lambukest_foto-Inari-Leiman-1024x682.jpg\" class=\"img-fluid page-card__img wp-post-image\" alt=\"\" srcset=\"https:\/\/tallinnzoo.webquer.ee\/wp-content\/uploads\/2023\/06\/oinas-Salava-uurib-uut-lambukest_foto-Inari-Leiman-1024x682.jpg 1024w, https:\/\/tallinnzoo.webquer.ee\/wp-content\/uploads\/2023\/06\/oinas-Salava-uurib-uut-lambukest_foto-Inari-Leiman-300x200.jpg 300w, https:\/\/tallinnzoo.webquer.ee\/wp-content\/uploads\/2023\/06\/oinas-Salava-uurib-uut-lambukest_foto-Inari-Leiman-768x512.jpg 768w, https:\/\/tallinnzoo.webquer.ee\/wp-content\/uploads\/2023\/06\/oinas-Salava-uurib-uut-lambukest_foto-Inari-Leiman-1536x1023.jpg 1536w, https:\/\/tallinnzoo.webquer.ee\/wp-content\/uploads\/2023\/06\/oinas-Salava-uurib-uut-lambukest_foto-Inari-Leiman-600x400.jpg 600w, https:\/\/tallinnzoo.webquer.ee\/wp-content\/uploads\/2023\/06\/oinas-Salava-uurib-uut-lambukest_foto-Inari-Leiman.jpg 1786w\" sizes=\"auto, (max-width: 1024px) 100vw, 1024px\" \/>\n                                \n                <h3 class=\"page-card__title\">Lasten el\u00e4intarha<\/h3>\n              <\/a>\n            <\/div>\n                  <\/div>\n          <\/div>\n  <\/div>\n<\/section>\n\n\n<section class=\"newsletter-section wide-section\">\n  <div class=\"wide-section__inner\">\n    <div class=\"newsletter-section__inner\">\n      <div class=\"container\">\n        <div class=\"row\">\n          <div class=\"col-md-6 col-lg-8 py-7\">\n            <div class=\"newsletter-section__header\">\n              <h2 class=\"mb-0 mr-1\">Uutiset<\/h2>\n              <a href=\"https:\/\/tallinnzoo.webquer.ee\/fi\/uutiset\/\" class=\"btn btn-link btn-icon ml-auto d-none d-md-inline-flex\">Kaikki uutiset<\/a>\n            <\/div>\n            \n                           <a href=\"https:\/\/tallinnzoo.webquer.ee\/fi\/kohtaaminen-tiikereiden-kanssa\/\" class=\"newsletter-news\">\n                                  <img loading=\"lazy\" decoding=\"async\" width=\"1024\" height=\"683\" src=\"https:\/\/tallinnzoo.webquer.ee\/wp-content\/uploads\/2024\/07\/randevuule-amuuri-tiiger-Danutaga_foto-Inari-Leiman-1024x683.jpg\" class=\"img-fluid newsletter-news__img wp-post-image\" alt=\"\" srcset=\"https:\/\/tallinnzoo.webquer.ee\/wp-content\/uploads\/2024\/07\/randevuule-amuuri-tiiger-Danutaga_foto-Inari-Leiman-1024x683.jpg 1024w, https:\/\/tallinnzoo.webquer.ee\/wp-content\/uploads\/2024\/07\/randevuule-amuuri-tiiger-Danutaga_foto-Inari-Leiman-300x200.jpg 300w, https:\/\/tallinnzoo.webquer.ee\/wp-content\/uploads\/2024\/07\/randevuule-amuuri-tiiger-Danutaga_foto-Inari-Leiman-768x512.jpg 768w, https:\/\/tallinnzoo.webquer.ee\/wp-content\/uploads\/2024\/07\/randevuule-amuuri-tiiger-Danutaga_foto-Inari-Leiman-1536x1024.jpg 1536w, https:\/\/tallinnzoo.webquer.ee\/wp-content\/uploads\/2024\/07\/randevuule-amuuri-tiiger-Danutaga_foto-Inari-Leiman-2048x1365.jpg 2048w, https:\/\/tallinnzoo.webquer.ee\/wp-content\/uploads\/2024\/07\/randevuule-amuuri-tiiger-Danutaga_foto-Inari-Leiman-600x400.jpg 600w\" sizes=\"auto, (max-width: 1024px) 100vw, 1024px\" \/>\n                \n                <div class=\"newsletter-news__header\">\n                                      <span class=\"week h3\">25.07.2024<\/span>\n                  \n                  <h3 class=\"newsletter-news__title\">Kohtaaminen tiikereiden kanssa<\/h3>\n                <\/div>\n\n                                  <div class=\"newsletter-news__content\">\n                    Joka vuosi juhlitaan hein\u00e4kuun 29. p\u00e4iv\u00e4n\u00e4 kansainv\u00e4list\u00e4 tiikerip\u00e4iv\u00e4\u00e4. Me toivotamme tiikereist\u00e4 kiinnostuneet vieraat tervetulleiksi jo t\u00e4n\u00e4 lauantaina, 27. hein\u00e4kuuta, vastavalmistuneeseen &#8230;\n                  <\/div>\n                              <\/a>\n            \n            \n            <div class=\"d-flex d-md-none justify-content-center\">\n              <a href=\"https:\/\/tallinnzoo.webquer.ee\/fi\/uutiset\/\" class=\"btn btn-link btn-icon mt-5\">Kaikki uutiset<\/a>\n            <\/div>\n          <\/div>\n                      <div class=\"col-md-6 col-lg-4 py-md-7\">\n              <div class=\"newsletter\">\n  <div class=\"newsletter__inner\">\n    <div class=\"row align-items-center\">\n      <div class=\"col-12\">\n                  <h3 class=\"newsletter__title h1\">Tilaa uutiskirje (eng)<\/h3>\n              <\/div>\n\n      <div class=\"col-12\">\n                  <script>(function() {\n\twindow.mc4wp = window.mc4wp || {\n\t\tlisteners: [],\n\t\tforms: {\n\t\t\ton: function(evt, cb) {\n\t\t\t\twindow.mc4wp.listeners.push(\n\t\t\t\t\t{\n\t\t\t\t\t\tevent   : evt,\n\t\t\t\t\t\tcallback: cb\n\t\t\t\t\t}\n\t\t\t\t);\n\t\t\t}\n\t\t}\n\t}\n})();\n<\/script><!-- Mailchimp for WordPress v4.10.8 - https:\/\/wordpress.org\/plugins\/mailchimp-for-wp\/ --><form id=\"mc4wp-form-1\" class=\"mc4wp-form mc4wp-form-13241\" method=\"post\" data-id=\"13241\" data-name=\"Newsletter signup\" ><div class=\"mc4wp-form-fields\"><div class=\"newsletter-form\">\n  <div class=\"form-group\">\n  \t<label for=\"newsletter-email\" class=\"sr-only\">Sy\u00f6t\u00e4 s\u00e4hk\u00f6postiosoitteesi<\/label>\n  \t<input id=\"newsletter-email\" type=\"email\" name=\"EMAIL\" placeholder=\"S\u00e4hk\u00f6postiosoiteesi\" aria-label=\"Sisesta enda e-post\" class=\"form-control\" required=\"\">\n  <\/div>\n  <input type=\"submit\" value=\"Tilaa\" class=\"btn btn-secondary\">\n<\/div><\/div><label style=\"display: none !important;\">Leave this field empty if you&#8217;re human: <input type=\"text\" name=\"_mc4wp_honeypot\" value=\"\" tabindex=\"-1\" autocomplete=\"off\" \/><\/label><input type=\"hidden\" name=\"_mc4wp_timestamp\" value=\"1776344047\" \/><input type=\"hidden\" name=\"_mc4wp_form_id\" value=\"13241\" \/><input type=\"hidden\" name=\"_mc4wp_form_element_id\" value=\"mc4wp-form-1\" \/><div class=\"mc4wp-response\"><\/div><\/form><!-- \/ Mailchimp for WordPress Plugin -->\n        \n                  <div class=\"newsletter__description\">\n            <p>Pysyt ajan tasalla!<\/p>\n\n          <\/div>\n              <\/div>\n    <\/div>\n  <\/div>\n<\/div>\n            <\/div>\n                  <\/div>\n      <\/div>\n    <\/div>\n    <img loading=\"lazy\" decoding=\"async\" src=\"https:\/\/tallinnzoo.webquer.ee\/wp-content\/themes\/loomaaed\/dist\/images\/chameleon_ddf6534c.svg\" class=\"newsletter-section__illustration\" alt=\"Kuva\" width=\"228\" height=\"323\">\n  <\/div>\n<\/section>\n\n\n<section class=\"visiting-areas-section wide-section\">\n  <div class=\"wide-section__inner\">\n    <div class=\"container\">\n      <h2 class=\"text-center\">El\u00e4intarhan alueet<\/h2>\n\n              <div class=\"areas-slider\">\n                                  <a href=\"https:\/\/tallinnzoo.ee\/fi\/polarium\/\" class=\"area-slide\">\n              <div class=\"area-slide__image\" style=\"background-image: url(https:\/\/tallinnzoo.webquer.ee\/wp-content\/uploads\/2022\/04\/polar-bear.svg)\"><\/div>\n              <h3 class=\"area-slide__title h4\">J\u00e4\u00e4karhumaailma<\/h3>\n            <\/a>\n                                  <a href=\"https:\/\/tallinnzoo.ee\/fi\/paksunahkaisten-talo\/\" class=\"area-slide\">\n              <div class=\"area-slide__image\" style=\"background-image: url(https:\/\/tallinnzoo.webquer.ee\/wp-content\/uploads\/2022\/04\/elephant.svg)\"><\/div>\n              <h3 class=\"area-slide__title h4\">Paksunahkaisten talo<\/h3>\n            <\/a>\n                                  <a href=\"https:\/\/tallinnzoo.ee\/fi\/sisa-aasia\/\" class=\"area-slide\">\n              <div class=\"area-slide__image\" style=\"background-image: url(https:\/\/tallinnzoo.webquer.ee\/wp-content\/uploads\/2022\/05\/siseaasia2-55.svg)\"><\/div>\n              <h3 class=\"area-slide__title h4\">Sis\u00e4-Aasia<\/h3>\n            <\/a>\n                                  <a href=\"https:\/\/tallinnzoo.ee\/fi\/tropiikkitalot\/\" class=\"area-slide\">\n              <div class=\"area-slide__image\" style=\"background-image: url(https:\/\/tallinnzoo.webquer.ee\/wp-content\/uploads\/2022\/04\/crocodile.svg)\"><\/div>\n              <h3 class=\"area-slide__title h4\">Tropiikkitalot<\/h3>\n            <\/a>\n                                  <a href=\"https:\/\/tallinnzoo.ee\/fi\/lasten-elaintarha\/\" class=\"area-slide\">\n              <div class=\"area-slide__image\" style=\"background-image: url(https:\/\/tallinnzoo.webquer.ee\/wp-content\/uploads\/2022\/05\/test-492.svg)\"><\/div>\n              <h3 class=\"area-slide__title h4\">Lasten el\u00e4intarha<\/h3>\n            <\/a>\n                                  <a href=\"https:\/\/tallinnzoo.ee\/fi\/alppialue\/\" class=\"area-slide\">\n              <div class=\"area-slide__image\" style=\"background-image: url(https:\/\/tallinnzoo.webquer.ee\/wp-content\/uploads\/2022\/05\/alpinaarium2-16.svg)\"><\/div>\n              <h3 class=\"area-slide__title h4\">Alppialue<\/h3>\n            <\/a>\n                                  <a href=\"https:\/\/tallinnzoo.ee\/fi\/kotkakukkula\/\" class=\"area-slide\">\n              <div class=\"area-slide__image\" style=\"background-image: url(https:\/\/tallinnzoo.webquer.ee\/wp-content\/uploads\/2022\/05\/kullimagi-50.svg)\"><\/div>\n              <h3 class=\"area-slide__title h4\">Kotkakukkula<\/h3>\n            <\/a>\n                                  <a href=\"https:\/\/tallinnzoo.ee\/fi\/lintulammet\/\" class=\"area-slide\">\n              <div class=\"area-slide__image\" style=\"background-image: url(https:\/\/tallinnzoo.webquer.ee\/wp-content\/uploads\/2022\/05\/linnutiik2-48.svg)\"><\/div>\n              <h3 class=\"area-slide__title h4\">Lintulammet<\/h3>\n            <\/a>\n                                  <a href=\"https:\/\/tallinnzoo.ee\/fi\/sademetsa\/\" class=\"area-slide\">\n              <div class=\"area-slide__image\" style=\"background-image: url(https:\/\/tallinnzoo.webquer.ee\/wp-content\/uploads\/2022\/05\/vihmamets2-40.svg)\"><\/div>\n              <h3 class=\"area-slide__title h4\">Sademets\u00e4<\/h3>\n            <\/a>\n                                  <a href=\"https:\/\/tallinnzoo.ee\/fi\/tiikerilaakso\/\" class=\"area-slide\">\n              <div class=\"area-slide__image\" style=\"background-image: url(https:\/\/tallinnzoo.webquer.ee\/wp-content\/uploads\/2022\/04\/tiger.svg)\"><\/div>\n              <h3 class=\"area-slide__title h4\">Tiikerilaakso<\/h3>\n            <\/a>\n                                  <a href=\"https:\/\/tallinnzoo.ee\/fi\/veskimets\/\" class=\"area-slide\">\n              <div class=\"area-slide__image\" style=\"background-image: url(https:\/\/tallinnzoo.webquer.ee\/wp-content\/uploads\/2022\/05\/veskimets.svg)\"><\/div>\n              <h3 class=\"area-slide__title h4\">Veskimets<\/h3>\n            <\/a>\n                  <\/div>\n      \n      \n      <div class=\"visiting-areas-section__buttons\">\n        \n                  <a href=\"https:\/\/tallinnzoo.ee\/fi\/kartta\/\" target=\"_self\" class=\"btn btn-outline-primary\">L\u00f6yt\u00e4\u00e4 kartalta<\/a>\n              <\/div>\n    <\/div>\n  <\/div>\n<\/section>\n\n\n<section class=\"info-numbers-section wide-section\">\n  <div class=\"wide-section__inner\">\n    <img loading=\"lazy\" decoding=\"async\" src=\"https:\/\/tallinnzoo.webquer.ee\/wp-content\/themes\/loomaaed\/dist\/images\/monkey_45493cf3.svg\" class=\"info-numbers-section__illustration\" alt=\"Kuva\" width=\"128\" height=\"430\">\n    <div class=\"container\">\n      <div class=\"row\">\n        <div class=\"col-lg-4\">\n          <div class=\"info-numbers-section__content\">\n            <h2 class=\"info-numbers-section__title\">Tallinnan el\u00e4intarha numeroissa<\/h2>\n\n                          <p class=\"info-numbers-section__updated\">Vuonna 2023<\/p>\n                      <\/div>\n        <\/div>\n        <div class=\"col-lg-8\">\n          <div class=\"row\">\n                          <div class=\"col-12 col-md-4 col-lg\">\n                <div class=\"info-number\">\n                  <h3 class=\"info-number__label h4\">Alue<\/h3>\n                  <p class=\"info-number__value h1\">89 <sup>ha<\/sup><\/p>\n\n                                      <a href=\"https:\/\/tallinnzoo.ee\/fi\/kartta\/\" class=\"btn btn-link btn-link--secondary btn-icon\" target=\"_self\">El\u00e4intarhan kartta<\/a>\n                                  <\/div>\n              <\/div>\n            \n                          <div class=\"col-12 col-md-4 col-lg\">\n                <div class=\"info-number\">\n                  <h3 class=\"info-number__label h4\">El\u00e4inlajeja<\/h3>\n                  <p class=\"info-number__value h1\">345 <sup><\/sup><\/p>\n\n                                  <\/div>\n              <\/div>\n                        \n              <div class=\"col-12 col-md-4 col-lg\">\n                <div class=\"info-number\">\n                  <h3 class=\"info-number__label h4\">El\u00e4imi\u00e4<\/h3>\n                  <p class=\"info-number__value h1\">7 485 <sup><\/sup><\/p>\n\n                                      <a href=\"https:\/\/tallinnzoo.ee\/loomad\/\" class=\"btn btn-link btn-link--secondary btn-icon\" target=\"_self\">Meid\u00e4n el\u00e4imet<\/a>\n                                  <\/div>\n              <\/div>\n                      <\/div>\n        <\/div>\n      <\/div>\n    <\/div>\n  <\/div>\n<\/section>\n","protected":false},"excerpt":{"rendered":"","protected":false},"author":1,"featured_media":50815,"parent":0,"menu_order":0,"comment_status":"closed","ping_status":"closed","template":"","meta":{"_acf_changed":false,"om_disable_all_campaigns":false,"inline_featured_image":false,"_uf_show_specific_survey":0,"_uf_disable_surveys":false,"footnotes":""},"class_list":["post-12452","page","type-page","status-publish","has-post-thumbnail","hentry"],"acf":[],"_links":{"self":[{"href":"https:\/\/tallinnzoo.webquer.ee\/fi\/wp-json\/wp\/v2\/pages\/12452","targetHints":{"allow":["GET"]}}],"collection":[{"href":"https:\/\/tallinnzoo.webquer.ee\/fi\/wp-json\/wp\/v2\/pages"}],"about":[{"href":"https:\/\/tallinnzoo.webquer.ee\/fi\/wp-json\/wp\/v2\/types\/page"}],"author":[{"embeddable":true,"href":"https:\/\/tallinnzoo.webquer.ee\/fi\/wp-json\/wp\/v2\/users\/1"}],"replies":[{"embeddable":true,"href":"https:\/\/tallinnzoo.webquer.ee\/fi\/wp-json\/wp\/v2\/comments?post=12452"}],"version-history":[{"count":0,"href":"https:\/\/tallinnzoo.webquer.ee\/fi\/wp-json\/wp\/v2\/pages\/12452\/revisions"}],"wp:featuredmedia":[{"embeddable":true,"href":"https:\/\/tallinnzoo.webquer.ee\/fi\/wp-json\/wp\/v2\/media\/50815"}],"wp:attachment":[{"href":"https:\/\/tallinnzoo.webquer.ee\/fi\/wp-json\/wp\/v2\/media?parent=12452"}],"curies":[{"name":"wp","href":"https:\/\/api.w.org\/{rel}","templated":true}]}}